{"id":713,"date":"2025-04-24T08:20:59","date_gmt":"2025-04-24T11:20:59","guid":{"rendered":"https:\/\/geocym.com\/?page_id=713"},"modified":"2025-07-08T12:10:50","modified_gmt":"2025-07-08T11:10:50","slug":"configurando-o-ambiente-para-geoprocessamento-com-python-no-linux-wsl","status":"publish","type":"page","link":"https:\/\/geocym.com\/index.php\/configurando-o-ambiente-para-geoprocessamento-com-python-no-linux-wsl\/","title":{"rendered":"Configurando o Ambiente para Geoprocessamento com Python no Linux (WSL)"},"content":{"rendered":"\n<div class=\"wp-block-uagb-container uagb-block-78184ef3 alignfull uagb-is-root-container\"><div class=\"uagb-container-inner-blocks-wrap\">\n<div class=\"wp-block-uagb-advanced-heading uagb-block-593e394d\"><h1 class=\"uagb-heading-text\"><strong>S\u00e9rie 1 &#8211; Configurando o Ambiente para<br>Geoprocessamento com Python no Linux (WSL)<\/strong><\/h1><\/div>\n<\/div><\/div>\n\n\n\n<div class=\"wp-block-uagb-container texto-justificado uagb-block-5ebba969 alignfull uagb-is-root-container\"><div class=\"uagb-container-inner-blocks-wrap\">\n<p>Nessa s\u00e9rie, voc\u00ea vai aprender como preparar o seu ambiente de trabalho para come\u00e7ar a fazer geoprocessamento com <a href=\"https:\/\/www.python.org\/\" target=\"_blank\" rel=\"noreferrer noopener nofollow\">Python<\/a> no <a href=\"https:\/\/www.linux.org\/\" target=\"_blank\" rel=\"noreferrer noopener nofollow\">Linux<\/a>, usando o WSL (Subsistema do Windows para Linux).<\/p>\n\n\n\n<p>A proposta aqui \u00e9 ser direto ao ponto, com tutoriais curtos e claros, mostrando como instalar o Python, criar ambientes virtuais, configurar o Jupyter Notebook e instalar as bibliotecas essenciais para<br>trabalhar com dados geoespaciais.<\/p>\n\n\n\n<p>Por isso, se voc\u00ea quer deixar tudo certinho para come\u00e7ar a explorar mapas, shapefiles e an\u00e1lises espaciais no Python, voc\u00ea est\u00e1 no lugar certo!<\/p>\n\n\n\n<p>Esta s\u00e9rie \u00e9 composta por tutoriais passo a passo que ir\u00e3o te ajudar a configurar um ambiente completo de geoprocessamento com Python dentro do Linux via WSL, direto no Windows. Abaixo voc\u00ea encontra todos os cap\u00edtulos desta primeira etapa:<\/p>\n\n\n\n<div class=\"wp-block-uagb-advanced-heading uagb-block-3329201c\"><h2 class=\"uagb-heading-text\">Cap\u00edtulos Publicados:<\/h2><p class=\"uagb-desc-text\">S\u00e9rie  1 &#8211; Configurando o Ambiente para Geoprocessamento com Python no Linux (WSL) <\/p><\/div>\n\n\n\n<p> <strong><a class=\"\" href=\"https:\/\/geocym.com\/index.php\/como-instalar-linux-no-windows-com-wsl\/\">Cap\u00edtulo 1 \u2013 Como Instalar o Linux no Windows com WSL (Windows 10 e 11)<\/a><\/strong> Aprenda a instalar o subsistema Linux no seu Windows, garantindo performance e compatibilidade com ferramentas de geoprocessamento.<\/p>\n\n\n\n<p> <strong><a href=\"https:\/\/geocym.com\/index.php\/como-instalar-o-python-no-wsl\/\">Cap\u00edtulo 2 \u2013 Como Instalar o Python no WSL<\/a><\/strong> Instale o Python e o gerenciador de pacotes <code>pip<\/code> no ambiente WSL para come\u00e7ar a trabalhar com bibliotecas geoespaciais.<\/p>\n\n\n\n<p><a href=\"https:\/\/geocym.com\/index.php\/como-criar-um-ambiente-virtual-no-wsl-com-python\/\" target=\"_blank\" rel=\"noreferrer noopener\"><strong>Cap\u00edtulo 3 \u2013 Como criar um ambiente virtual no WSL (com Python)<\/strong> <\/a>Aprenda a criar um ambiente virtual no WSL com Python de forma simples e organizada.<\/p>\n\n\n\n<p><a href=\"https:\/\/geocym.com\/index.php\/como-instalar-o-jupyter-notebook-no-wsl-com-ambiente-virtual\/\"><strong>Cap\u00edtulo 4 \u2013 Como instalar o Jupyter Notebook no WSL (com ambiente virtual)<\/strong><\/a> Aprenda como instalar e configurar o Jupyter Notebook no WSL com Python em um ambiente virtual. <\/p>\n\n\n\n<p><a href=\"https:\/\/geocym.com\/index.php\/como-instalar-o-jupyterlab-no-wsl-com-ambiente-virtual\/\"><strong>Cap\u00edtulo 5 \u2013 Como instalar o JupyterLab no WSL (com ambiente virtual)<\/strong><\/a> Aprenda como instalar o JupyterLab, uma vers\u00e3o moderna, poderosa e flex\u00edvel do Jupyter Notebook.<\/p>\n\n\n\n<p><strong> <a href=\"https:\/\/geocym.com\/index.php\/jupyter-notebook-vs-jupyterlab-qual-escolher\/\">Jupyter Notebook vs. JupyterLab<\/a><\/strong> \u2013 Qual escolher?<\/p>\n\n\n\n<p><a href=\"https:\/\/geocym.com\/index.php\/instalar-bibliotecas-python-geoprocessamento\/\"><strong>Cap\u00edtulo 6 \u2013 Instalando bibliotecas Python para geoprocessamento no WSL<\/strong><\/a> Aprenda o passo-a passo para instalar bibliotecas python para geoprocessamento no WSL<\/p>\n\n\n\n<h3 class=\"wp-block-heading\" style=\"font-size:26px\">Em breve:<\/h3>\n\n\n\n<p><em>S\u00e9rie 2: Explorando Dados Geoespaciais com Python.<\/em><\/p>\n\n\n\n<p>Recomendamos que salve esta p\u00e1gina nos favoritos para acompanhar as atualiza\u00e7\u00f5es frequentes. <\/p>\n<\/div><\/div>\n\n\n\n<div class=\"wp-block-uagb-container uagb-block-dbae06d9 alignfull uagb-is-root-container\"><div class=\"uagb-container-inner-blocks-wrap\">\n\t\t\t<div class=\"wp-block-uagb-post-grid uagb-post-grid  uagb-post__image-position-top uagb-post__image-enabled uagb-block-05cb0cb8     uagb-post__items uagb-post__columns-3 is-grid uagb-post__columns-tablet-2 uagb-post__columns-mobile-1 uagb-post__equal-height\" data-total=\"2\" style=\"\">\n\n\t\t\t\t\t\t\t\t\t\t\t\t<article class=\"uagb-post__inner-wrap\">\t\t\t\t\t\t\t\t<div class='uagb-post__image'>\n\t\t\t\t\t\t\t\t\t<a href=\"https:\/\/geocym.com\/index.php\/instalar-bibliotecas-python-geoprocessamento\/\" target=\"_self\" rel=\"bookmark noopener noreferrer\" class=\"uagb-image-ratio-inherit\"><img loading=\"lazy\" decoding=\"async\" width=\"605\" height=\"332\" src=\"https:\/\/geocym.com\/wp-content\/uploads\/2025\/05\/Instalando-bibliotecas-Python-para-geoprocessamento-no-WSL.png\" class=\"attachment-large size-large\" alt=\"\" srcset=\"https:\/\/geocym.com\/wp-content\/uploads\/2025\/05\/Instalando-bibliotecas-Python-para-geoprocessamento-no-WSL.png 605w, https:\/\/geocym.com\/wp-content\/uploads\/2025\/05\/Instalando-bibliotecas-Python-para-geoprocessamento-no-WSL-300x165.png 300w\" sizes=\"auto, (max-width: 605px) 100vw, 605px\" title=\"\">\t\t\t\t\t<\/a>\n\t\t\t\t\t\t\t<\/div>\n\t\t\t\t\t\t<h4 class=\"uagb-post__title uagb-post__text\">\n\t\t\t\t<a href=\"https:\/\/geocym.com\/index.php\/instalar-bibliotecas-python-geoprocessamento\/\" target=\"_self\" rel=\"bookmark noopener noreferrer\">Instalando bibliotecas Python para geoprocessamento no WSL<\/a>\n\t\t\t<\/h4>\n\t\t\t\t\t\t<div class='uagb-post__text uagb-post-grid-byline'>\n\t\t\t\t\t\t\t<\/div>\n\t\t\t\t\t\t\t<div class='uagb-post__text uagb-post__excerpt'>\n\t\t\t\t\tAprenda como instalar as bibliotecas essenciais de Python para geoprocessamento no WSL, incluindo GeoPandas, Shapely, Rasterio e mais.\t\t\t\t<\/div>\n\t\t\t\t\t\t<div class=\"uagb-post__text uagb-post__cta wp-block-button\">\n\t\t\t\t<a class=\"wp-block-button__link uagb-text-link\" style=\"\" href=\"https:\/\/geocym.com\/index.php\/instalar-bibliotecas-python-geoprocessamento\/\" target=\"_self\" rel=\"bookmark noopener noreferrer\">Ler mais<\/a>\n\t\t\t<\/div>\n\t\t\t\n\t\t\t\t\t\t\t\t\t<\/article>\n\t\t\t\t\t\t\t\t\t\t\t\t\t\t\t\t<article class=\"uagb-post__inner-wrap\">\t\t\t\t\t\t\t\t<div class='uagb-post__image'>\n\t\t\t\t\t\t\t\t\t<a href=\"https:\/\/geocym.com\/index.php\/jupyter-notebook-vs-jupyterlab-qual-escolher\/\" target=\"_self\" rel=\"bookmark noopener noreferrer\" class=\"uagb-image-ratio-inherit\"><img loading=\"lazy\" decoding=\"async\" width=\"605\" height=\"332\" src=\"https:\/\/geocym.com\/wp-content\/uploads\/2025\/05\/Jupyter-Notebook-vs.-JupyterLab.png\" class=\"attachment-large size-large\" alt=\"Jupyter Notebook vs. JupyterLab -Entendendo as diferen\u00e7as.\" srcset=\"https:\/\/geocym.com\/wp-content\/uploads\/2025\/05\/Jupyter-Notebook-vs.-JupyterLab.png 605w, https:\/\/geocym.com\/wp-content\/uploads\/2025\/05\/Jupyter-Notebook-vs.-JupyterLab-300x165.png 300w\" sizes=\"auto, (max-width: 605px) 100vw, 605px\" title=\"\">\t\t\t\t\t<\/a>\n\t\t\t\t\t\t\t<\/div>\n\t\t\t\t\t\t<h4 class=\"uagb-post__title uagb-post__text\">\n\t\t\t\t<a href=\"https:\/\/geocym.com\/index.php\/jupyter-notebook-vs-jupyterlab-qual-escolher\/\" target=\"_self\" rel=\"bookmark noopener noreferrer\">Jupyter Notebook vs. JupyterLab \u2013 Qual escolher?<\/a>\n\t\t\t<\/h4>\n\t\t\t\t\t\t<div class='uagb-post__text uagb-post-grid-byline'>\n\t\t\t\t\t\t\t<\/div>\n\t\t\t\t\t\t\t<div class='uagb-post__text uagb-post__excerpt'>\n\t\t\t\t\t Jupyter Notebook Vs. JupyterLab &#8211; Descubra as diferen\u00e7as e escolha a melhor ferramenta para seus projetos em Python e geoprocessamento.\t\t\t\t<\/div>\n\t\t\t\t\t\t<div class=\"uagb-post__text uagb-post__cta wp-block-button\">\n\t\t\t\t<a class=\"wp-block-button__link uagb-text-link\" style=\"\" href=\"https:\/\/geocym.com\/index.php\/jupyter-notebook-vs-jupyterlab-qual-escolher\/\" target=\"_self\" rel=\"bookmark noopener noreferrer\">Ler mais<\/a>\n\t\t\t<\/div>\n\t\t\t\n\t\t\t\t\t\t\t\t\t<\/article>\n\t\t\t\t\t\t\t\t\t\t\t\t\t\t\t\t<article class=\"uagb-post__inner-wrap\">\t\t\t\t\t\t\t\t<div class='uagb-post__image'>\n\t\t\t\t\t\t\t\t\t<a href=\"https:\/\/geocym.com\/index.php\/como-instalar-o-jupyterlab-no-wsl-com-ambiente-virtual\/\" target=\"_self\" rel=\"bookmark noopener noreferrer\" class=\"uagb-image-ratio-inherit\"><img loading=\"lazy\" decoding=\"async\" width=\"605\" height=\"332\" src=\"https:\/\/geocym.com\/wp-content\/uploads\/2025\/05\/Como-instalar-o-JupyterLab-no-WSL.png\" class=\"attachment-large size-large\" alt=\"Passo a passo de como instalar o JupterLab no WSL com Ambiente Virtual\" srcset=\"https:\/\/geocym.com\/wp-content\/uploads\/2025\/05\/Como-instalar-o-JupyterLab-no-WSL.png 605w, https:\/\/geocym.com\/wp-content\/uploads\/2025\/05\/Como-instalar-o-JupyterLab-no-WSL-300x165.png 300w\" sizes=\"auto, (max-width: 605px) 100vw, 605px\" title=\"\">\t\t\t\t\t<\/a>\n\t\t\t\t\t\t\t<\/div>\n\t\t\t\t\t\t<h4 class=\"uagb-post__title uagb-post__text\">\n\t\t\t\t<a href=\"https:\/\/geocym.com\/index.php\/como-instalar-o-jupyterlab-no-wsl-com-ambiente-virtual\/\" target=\"_self\" rel=\"bookmark noopener noreferrer\">Como Instalar o JupyterLab no WSL com Ambiente Virtual<\/a>\n\t\t\t<\/h4>\n\t\t\t\t\t\t<div class='uagb-post__text uagb-post-grid-byline'>\n\t\t\t\t\t\t\t<\/div>\n\t\t\t\t\t\t\t<div class='uagb-post__text uagb-post__excerpt'>\n\t\t\t\t\tAprenda a instalar o JupyterLab no WSL usando um ambiente virtual em Python. Guia passo a passo para um ambiente de desenvolvimento avan\u00e7ado.\t\t\t\t<\/div>\n\t\t\t\t\t\t<div class=\"uagb-post__text uagb-post__cta wp-block-button\">\n\t\t\t\t<a class=\"wp-block-button__link uagb-text-link\" style=\"\" href=\"https:\/\/geocym.com\/index.php\/como-instalar-o-jupyterlab-no-wsl-com-ambiente-virtual\/\" target=\"_self\" rel=\"bookmark noopener noreferrer\">Ler mais<\/a>\n\t\t\t<\/div>\n\t\t\t\n\t\t\t\t\t\t\t\t\t<\/article>\n\t\t\t\t\t\t\t\t\t\t\t\t\t\t\t\t<article class=\"uagb-post__inner-wrap\">\t\t\t\t\t\t\t\t<div class='uagb-post__image'>\n\t\t\t\t\t\t\t\t\t<a href=\"https:\/\/geocym.com\/index.php\/como-instalar-o-jupyter-notebook-no-wsl-com-ambiente-virtual\/\" target=\"_self\" rel=\"bookmark noopener noreferrer\" class=\"uagb-image-ratio-inherit\"><img loading=\"lazy\" decoding=\"async\" width=\"605\" height=\"332\" src=\"https:\/\/geocym.com\/wp-content\/uploads\/2025\/05\/Como-instalar-o-Jupyter-Notebook-no-WSL.png\" class=\"attachment-large size-large\" alt=\"\" srcset=\"https:\/\/geocym.com\/wp-content\/uploads\/2025\/05\/Como-instalar-o-Jupyter-Notebook-no-WSL.png 605w, https:\/\/geocym.com\/wp-content\/uploads\/2025\/05\/Como-instalar-o-Jupyter-Notebook-no-WSL-300x165.png 300w\" sizes=\"auto, (max-width: 605px) 100vw, 605px\" title=\"\">\t\t\t\t\t<\/a>\n\t\t\t\t\t\t\t<\/div>\n\t\t\t\t\t\t<h4 class=\"uagb-post__title uagb-post__text\">\n\t\t\t\t<a href=\"https:\/\/geocym.com\/index.php\/como-instalar-o-jupyter-notebook-no-wsl-com-ambiente-virtual\/\" target=\"_self\" rel=\"bookmark noopener noreferrer\">Como instalar o Jupyter Notebook no WSL (com ambiente virtual)<\/a>\n\t\t\t<\/h4>\n\t\t\t\t\t\t<div class='uagb-post__text uagb-post-grid-byline'>\n\t\t\t\t\t\t\t<\/div>\n\t\t\t\t\t\t\t<div class='uagb-post__text uagb-post__excerpt'>\n\t\t\t\t\tAprenda como instalar e configurar o Jupyter Notebook no WSL com Python em um ambiente virtual. Guia pr\u00e1tico, direto e ideal para iniciantes.\t\t\t\t<\/div>\n\t\t\t\t\t\t<div class=\"uagb-post__text uagb-post__cta wp-block-button\">\n\t\t\t\t<a class=\"wp-block-button__link uagb-text-link\" style=\"\" href=\"https:\/\/geocym.com\/index.php\/como-instalar-o-jupyter-notebook-no-wsl-com-ambiente-virtual\/\" target=\"_self\" rel=\"bookmark noopener noreferrer\">Ler mais<\/a>\n\t\t\t<\/div>\n\t\t\t\n\t\t\t\t\t\t\t\t\t<\/article>\n\t\t\t\t\t\t\t\t\t\t\t\t\t\t\t\t<article class=\"uagb-post__inner-wrap\">\t\t\t\t\t\t\t\t<div class='uagb-post__image'>\n\t\t\t\t\t\t\t\t\t<a href=\"https:\/\/geocym.com\/index.php\/como-criar-um-ambiente-virtual-no-wsl-com-python\/\" target=\"_self\" rel=\"bookmark noopener noreferrer\" class=\"uagb-image-ratio-inherit\"><img loading=\"lazy\" decoding=\"async\" width=\"605\" height=\"332\" src=\"https:\/\/geocym.com\/wp-content\/uploads\/2025\/04\/Como-criar-um-Ambiente-Virtual-no-WSL-com-Python-1.png\" class=\"attachment-large size-large\" alt=\"\" srcset=\"https:\/\/geocym.com\/wp-content\/uploads\/2025\/04\/Como-criar-um-Ambiente-Virtual-no-WSL-com-Python-1.png 605w, https:\/\/geocym.com\/wp-content\/uploads\/2025\/04\/Como-criar-um-Ambiente-Virtual-no-WSL-com-Python-1-300x165.png 300w\" sizes=\"auto, (max-width: 605px) 100vw, 605px\" title=\"\">\t\t\t\t\t<\/a>\n\t\t\t\t\t\t\t<\/div>\n\t\t\t\t\t\t<h4 class=\"uagb-post__title uagb-post__text\">\n\t\t\t\t<a href=\"https:\/\/geocym.com\/index.php\/como-criar-um-ambiente-virtual-no-wsl-com-python\/\" target=\"_self\" rel=\"bookmark noopener noreferrer\">Como Criar um Ambiente Virtual no WSL (com Python)<\/a>\n\t\t\t<\/h4>\n\t\t\t\t\t\t<div class='uagb-post__text uagb-post-grid-byline'>\n\t\t\t\t\t\t\t<\/div>\n\t\t\t\t\t\t\t<div class='uagb-post__text uagb-post__excerpt'>\n\t\t\t\t\tAprenda a criar um ambiente virtual no WSL com Python de forma simples e organizada. Mantenha seus projetos de geoprocessamento isolados e est\u00e1veis com este passo a passo.\t\t\t\t<\/div>\n\t\t\t\t\t\t<div class=\"uagb-post__text uagb-post__cta wp-block-button\">\n\t\t\t\t<a class=\"wp-block-button__link uagb-text-link\" style=\"\" href=\"https:\/\/geocym.com\/index.php\/como-criar-um-ambiente-virtual-no-wsl-com-python\/\" target=\"_self\" rel=\"bookmark noopener noreferrer\">Ler mais<\/a>\n\t\t\t<\/div>\n\t\t\t\n\t\t\t\t\t\t\t\t\t<\/article>\n\t\t\t\t\t\t\t\t\t\t\t\t\t\t\t\t<article class=\"uagb-post__inner-wrap\">\t\t\t\t\t\t\t\t<div class='uagb-post__image'>\n\t\t\t\t\t\t\t\t\t<a href=\"https:\/\/geocym.com\/index.php\/como-instalar-o-python-no-wsl\/\" target=\"_self\" rel=\"bookmark noopener noreferrer\" class=\"uagb-image-ratio-inherit\"><img loading=\"lazy\" decoding=\"async\" width=\"605\" height=\"332\" src=\"https:\/\/geocym.com\/wp-content\/uploads\/2025\/04\/Como-instalar-o-Python-no-WSL.png\" class=\"attachment-large size-large\" alt=\"Aprenda a instalar o Python no WSL\" srcset=\"https:\/\/geocym.com\/wp-content\/uploads\/2025\/04\/Como-instalar-o-Python-no-WSL.png 605w, https:\/\/geocym.com\/wp-content\/uploads\/2025\/04\/Como-instalar-o-Python-no-WSL-300x165.png 300w\" sizes=\"auto, (max-width: 605px) 100vw, 605px\" title=\"\">\t\t\t\t\t<\/a>\n\t\t\t\t\t\t\t<\/div>\n\t\t\t\t\t\t<h4 class=\"uagb-post__title uagb-post__text\">\n\t\t\t\t<a href=\"https:\/\/geocym.com\/index.php\/como-instalar-o-python-no-wsl\/\" target=\"_self\" rel=\"bookmark noopener noreferrer\">Como instalar o Python no WSL<\/a>\n\t\t\t<\/h4>\n\t\t\t\t\t\t<div class='uagb-post__text uagb-post-grid-byline'>\n\t\t\t\t\t\t\t<\/div>\n\t\t\t\t\t\t\t<div class='uagb-post__text uagb-post__excerpt'>\n\t\t\t\t\tAprenda a instalar o Python no WSL de forma pr\u00e1tica. Configure seu ambiente Linux no Windows e comece a usar bibliotecas de geoprocessamento agora mesmo!\t\t\t\t<\/div>\n\t\t\t\t\t\t<div class=\"uagb-post__text uagb-post__cta wp-block-button\">\n\t\t\t\t<a class=\"wp-block-button__link uagb-text-link\" style=\"\" href=\"https:\/\/geocym.com\/index.php\/como-instalar-o-python-no-wsl\/\" target=\"_self\" rel=\"bookmark noopener noreferrer\">Ler mais<\/a>\n\t\t\t<\/div>\n\t\t\t\n\t\t\t\t\t\t\t\t\t<\/article>\n\t\t\t\t\t\t\t\t\t\t\t<\/div>\n\t\t\t<\/div><\/div>\n","protected":false},"excerpt":{"rendered":"<p>S\u00e9rie 1 &#8211; Configurando o Ambiente paraGeoprocessamento com Python no Linux (WSL) Nessa s\u00e9rie, voc\u00ea vai aprender como preparar o [&hellip;]<\/p>\n","protected":false},"author":1,"featured_media":0,"parent":0,"menu_order":0,"comment_status":"closed","ping_status":"closed","template":"","meta":{"_uag_custom_page_level_css":"","site-sidebar-layout":"default","site-content-layout":"","ast-site-content-layout":"","site-content-style":"default","site-sidebar-style":"default","ast-global-header-display":"","ast-banner-title-visibility":"","ast-main-header-display":"","ast-hfb-above-header-display":"","ast-hfb-below-header-display":"","ast-hfb-mobile-header-display":"","site-post-title":"disabled","ast-breadcrumbs-content":"","ast-featured-img":"","footer-sml-layout":"","ast-disable-related-posts":"","theme-transparent-header-meta":"","adv-header-id-meta":"","stick-header-meta":"","header-above-stick-meta":"","header-main-stick-meta":"","header-below-stick-meta":"","astra-migrate-meta-layouts":"default","ast-page-background-enabled":"default","ast-page-background-meta":{"desktop":{"background-color":"var(--ast-global-color-4)","background-image":"","background-repeat":"repeat","background-position":"center center","background-size":"auto","background-attachment":"scroll","background-type":"","background-media":"","overlay-type":"","overlay-color":"","overlay-opacity":"","overlay-gradient":""},"tablet":{"background-color":"","background-image":"","background-repeat":"repeat","background-position":"center center","background-size":"auto","background-attachment":"scroll","background-type":"","background-media":"","overlay-type":"","overlay-color":"","overlay-opacity":"","overlay-gradient":""},"mobile":{"background-color":"","background-image":"","background-repeat":"repeat","background-position":"center center","background-size":"auto","background-attachment":"scroll","background-type":"","background-media":"","overlay-type":"","overlay-color":"","overlay-opacity":"","overlay-gradient":""}},"ast-content-background-meta":{"desktop":{"background-color":"var(--ast-global-color-5)","background-image":"","background-repeat":"repeat","background-position":"center center","background-size":"auto","background-attachment":"scroll","background-type":"","background-media":"","overlay-type":"","overlay-color":"","overlay-opacity":"","overlay-gradient":""},"tablet":{"background-color":"var(--ast-global-color-5)","background-image":"","background-repeat":"repeat","background-position":"center center","background-size":"auto","background-attachment":"scroll","background-type":"","background-media":"","overlay-type":"","overlay-color":"","overlay-opacity":"","overlay-gradient":""},"mobile":{"background-color":"var(--ast-global-color-5)","background-image":"","background-repeat":"repeat","background-position":"center center","background-size":"auto","background-attachment":"scroll","background-type":"","background-media":"","overlay-type":"","overlay-color":"","overlay-opacity":"","overlay-gradient":""}},"footnotes":""},"class_list":["post-713","page","type-page","status-publish","hentry"],"uagb_featured_image_src":{"full":false,"thumbnail":false,"medium":false,"medium_large":false,"large":false,"1536x1536":false,"2048x2048":false},"uagb_author_info":{"display_name":"geocym","author_link":"https:\/\/geocym.com\/author\/geocym\/"},"uagb_comment_info":0,"uagb_excerpt":"S\u00e9rie 1 &#8211; Configurando o Ambiente paraGeoprocessamento com Python no Linux (WSL) Nessa s\u00e9rie, voc\u00ea vai aprender como preparar o [&hellip;]","_links":{"self":[{"href":"https:\/\/geocym.com\/index.php\/wp-json\/wp\/v2\/pages\/713","targetHints":{"allow":["GET"]}}],"collection":[{"href":"https:\/\/geocym.com\/index.php\/wp-json\/wp\/v2\/pages"}],"about":[{"href":"https:\/\/geocym.com\/index.php\/wp-json\/wp\/v2\/types\/page"}],"author":[{"embeddable":true,"href":"https:\/\/geocym.com\/index.php\/wp-json\/wp\/v2\/users\/1"}],"replies":[{"embeddable":true,"href":"https:\/\/geocym.com\/index.php\/wp-json\/wp\/v2\/comments?post=713"}],"version-history":[{"count":11,"href":"https:\/\/geocym.com\/index.php\/wp-json\/wp\/v2\/pages\/713\/revisions"}],"predecessor-version":[{"id":1002,"href":"https:\/\/geocym.com\/index.php\/wp-json\/wp\/v2\/pages\/713\/revisions\/1002"}],"wp:attachment":[{"href":"https:\/\/geocym.com\/index.php\/wp-json\/wp\/v2\/media?parent=713"}],"curies":[{"name":"wp","href":"https:\/\/api.w.org\/{rel}","templated":true}]}}