{"id":604,"date":"2025-04-16T13:07:23","date_gmt":"2025-04-16T16:07:23","guid":{"rendered":"https:\/\/geocym.com\/?page_id=604"},"modified":"2026-03-20T10:53:48","modified_gmt":"2026-03-20T10:53:48","slug":"tutoriais","status":"publish","type":"page","link":"https:\/\/geocym.com\/index.php\/tutoriais\/","title":{"rendered":"Tutoriais"},"content":{"rendered":"\n<div class=\"wp-block-uagb-container uagb-block-51b4394b alignfull uagb-is-root-container\"><div class=\"uagb-container-inner-blocks-wrap\">\n<div class=\"wp-block-uagb-advanced-heading uagb-block-c24df527\"><h1 class=\"uagb-heading-text\"><strong>Tutoriais<\/strong><\/h1><\/div>\n<\/div><\/div>\n\n\n\n<div class=\"wp-block-uagb-container uagb-block-20f15d44 alignfull uagb-is-root-container\"><div class=\"uagb-container-inner-blocks-wrap\">\n<p>Seja bem-vindo \u00e0 se\u00e7\u00e3o de tutoriais do GeoCym! Aqui voc\u00ea encontra s\u00e9ries completas de conte\u00fados t\u00e9cnicos e educativos voltados para o uso de tecnologias de informa\u00e7\u00e3o geogr\u00e1fica. Os tutoriais s\u00e3o organizados em cap\u00edtulos e apresentam uma abordagem pr\u00e1tica, passo a passo, ideal para iniciantes e profissionais que desejam aprofundar seus conhecimentos.<\/p>\n\n\n\n<h2 class=\"wp-block-heading has-medium-font-size\"><strong>S\u00e9ries de tutoriais dispon\u00edveis<\/strong>:<\/h2>\n\n\n\n<div class=\"wp-block-uagb-icon-list uagb-block-c8bc24d4\"><div class=\"uagb-icon-list__wrap\">\n<div class=\"wp-block-uagb-icon-list-child uagb-block-59fe5dda\"><a target=\"_blank\" aria-label=\"S\u00e9rie 1 - Configurando o Ambiente paraGeoprocessamento com Python no Linux (WSL)\" rel=\"noopener noreferrer\" href=\"https:\/\/geocym.com\/index.php\/configurando-o-ambiente-para-geoprocessamento-com-python-no-linux-wsl\/\"> <\/a><span class=\"uagb-icon-list__source-wrap\"><svg xmlns=\"https:\/\/www.w3.org\/2000\/svg\" viewBox=\"0 0 512 512\"><path d=\"M256 0C114.6 0 0 114.6 0 256c0 141.4 114.6 256 256 256s256-114.6 256-256C512 114.6 397.4 0 256 0zM406.6 278.6l-103.1 103.1c-12.5 12.5-32.75 12.5-45.25 0s-12.5-32.75 0-45.25L306.8 288H128C110.3 288 96 273.7 96 256s14.31-32 32-32h178.8l-49.38-49.38c-12.5-12.5-12.5-32.75 0-45.25s32.75-12.5 45.25 0l103.1 103.1C414.6 241.3 416 251.1 416 256C416 260.9 414.6 270.7 406.6 278.6z\"><\/path><\/svg><\/span><span class=\"uagb-icon-list__label\">S\u00e9rie 1 &#8211; Configurando o Ambiente para<br>Geoprocessamento com Python no Linux (WSL)<\/span><\/div>\n<\/div><\/div>\n\n\n\n<h3 class=\"wp-block-heading\" style=\"font-size:22px\">Em breve: <\/h3>\n\n\n\n<div class=\"wp-block-uagb-icon-list uagb-block-a933e0be\"><div class=\"uagb-icon-list__wrap\">\n<div class=\"wp-block-uagb-icon-list-child uagb-block-5a89119e\"><span class=\"uagb-icon-list__source-wrap\"><svg xmlns=\"https:\/\/www.w3.org\/2000\/svg\" viewBox=\"0 0 512 512\"><path d=\"M256 0C114.6 0 0 114.6 0 256c0 141.4 114.6 256 256 256s256-114.6 256-256C512 114.6 397.4 0 256 0zM406.6 278.6l-103.1 103.1c-12.5 12.5-32.75 12.5-45.25 0s-12.5-32.75 0-45.25L306.8 288H128C110.3 288 96 273.7 96 256s14.31-32 32-32h178.8l-49.38-49.38c-12.5-12.5-12.5-32.75 0-45.25s32.75-12.5 45.25 0l103.1 103.1C414.6 241.3 416 251.1 416 256C416 260.9 414.6 270.7 406.6 278.6z\"><\/path><\/svg><\/span><span class=\"uagb-icon-list__label\"> S\u00e9rie 2 &#8211; Explorando Dados Geoespaciais com Python.<\/span><\/div>\n<\/div><\/div>\n<\/div><\/div>\n\n\n\n<p><\/p>\n\n\n\n<p><\/p>\n\n\n\n<p><\/p>\n\n\n\n<p><\/p>\n\n\n\n<p><\/p>\n\n\n\n<div class=\"wp-block-uagb-container uagb-block-f6811b2b alignfull uagb-is-root-container\"><div class=\"uagb-container-inner-blocks-wrap\">\n\t\t\t<div class=\"wp-block-uagb-post-grid uagb-post-grid  uagb-post__image-position-top uagb-post__image-enabled uagb-block-b1223c5c     uagb-post__items uagb-post__columns-3 is-grid uagb-post__columns-tablet-2 uagb-post__columns-mobile-1 uagb-post__equal-height\" data-total=\"2\" style=\"\">\n\n\t\t\t\t\t\t\t\t\t\t\t\t<article class=\"uagb-post__inner-wrap\">\t\t\t\t\t\t\t\t<div class='uagb-post__image'>\n\t\t\t\t\t\t\t\t\t<a href=\"https:\/\/geocym.com\/index.php\/instalar-bibliotecas-python-geoprocessamento\/\" target=\"_self\" rel=\"bookmark noopener noreferrer\" class='uagb-image-ratio-inherit'><img loading=\"lazy\" decoding=\"async\" width=\"605\" height=\"332\" src=\"https:\/\/geocym.com\/wp-content\/uploads\/2025\/05\/Instalando-bibliotecas-Python-para-geoprocessamento-no-WSL.png\" class=\"attachment-large size-large\" alt=\"\" srcset=\"https:\/\/geocym.com\/wp-content\/uploads\/2025\/05\/Instalando-bibliotecas-Python-para-geoprocessamento-no-WSL.png 605w, https:\/\/geocym.com\/wp-content\/uploads\/2025\/05\/Instalando-bibliotecas-Python-para-geoprocessamento-no-WSL-300x165.png 300w\" sizes=\"auto, (max-width: 605px) 100vw, 605px\" title=\"\">\t\t\t\t\t<\/a>\n\t\t\t\t\t\t\t<\/div>\n\t\t\t\t\t\t<h4 class=\"uagb-post__title uagb-post__text\">\n\t\t\t\t<a href=\"https:\/\/geocym.com\/index.php\/instalar-bibliotecas-python-geoprocessamento\/\" target=\"_self\" rel=\"bookmark noopener noreferrer\">Instalando bibliotecas Python para geoprocessamento no WSL<\/a>\n\t\t\t<\/h4>\n\t\t\t\t\t\t<div class='uagb-post__text uagb-post-grid-byline'>\n\t\t\t\t\t\t\t<\/div>\n\t\t\t\t\t\t\t<div class='uagb-post__text uagb-post__excerpt'>\n\t\t\t\t\tAprenda como instalar as bibliotecas essenciais de Python para geoprocessamento no WSL, incluindo GeoPandas, Shapely, Rasterio e mais.\t\t\t\t<\/div>\n\t\t\t\t\t\t<div class=\"uagb-post__text uagb-post__cta wp-block-button\">\n\t\t\t\t<a class=\"wp-block-button__link uagb-text-link\" style=\"\" href=\"https:\/\/geocym.com\/index.php\/instalar-bibliotecas-python-geoprocessamento\/\" target=\"_self\" rel=\"bookmark noopener noreferrer\">Ler mais<\/a>\n\t\t\t<\/div>\n\t\t\t\n\t\t\t\t\t\t\t\t\t<\/article>\n\t\t\t\t\t\t\t\t\t\t\t\t\t\t\t\t<article class=\"uagb-post__inner-wrap\">\t\t\t\t\t\t\t\t<div class='uagb-post__image'>\n\t\t\t\t\t\t\t\t\t<a href=\"https:\/\/geocym.com\/index.php\/jupyter-notebook-vs-jupyterlab-qual-escolher\/\" target=\"_self\" rel=\"bookmark noopener noreferrer\" class='uagb-image-ratio-inherit'><img loading=\"lazy\" decoding=\"async\" width=\"605\" height=\"332\" src=\"https:\/\/geocym.com\/wp-content\/uploads\/2025\/05\/Jupyter-Notebook-vs.-JupyterLab.png\" class=\"attachment-large size-large\" alt=\"Jupyter Notebook vs. JupyterLab -Entendendo as diferen\u00e7as.\" srcset=\"https:\/\/geocym.com\/wp-content\/uploads\/2025\/05\/Jupyter-Notebook-vs.-JupyterLab.png 605w, https:\/\/geocym.com\/wp-content\/uploads\/2025\/05\/Jupyter-Notebook-vs.-JupyterLab-300x165.png 300w\" sizes=\"auto, (max-width: 605px) 100vw, 605px\" title=\"\">\t\t\t\t\t<\/a>\n\t\t\t\t\t\t\t<\/div>\n\t\t\t\t\t\t<h4 class=\"uagb-post__title uagb-post__text\">\n\t\t\t\t<a href=\"https:\/\/geocym.com\/index.php\/jupyter-notebook-vs-jupyterlab-qual-escolher\/\" target=\"_self\" rel=\"bookmark noopener noreferrer\">Jupyter Notebook vs. JupyterLab \u2013 Qual escolher?<\/a>\n\t\t\t<\/h4>\n\t\t\t\t\t\t<div class='uagb-post__text uagb-post-grid-byline'>\n\t\t\t\t\t\t\t<\/div>\n\t\t\t\t\t\t\t<div class='uagb-post__text uagb-post__excerpt'>\n\t\t\t\t\t Jupyter Notebook Vs. JupyterLab &#8211; Descubra as diferen\u00e7as e escolha a melhor ferramenta para seus projetos em Python e geoprocessamento.\t\t\t\t<\/div>\n\t\t\t\t\t\t<div class=\"uagb-post__text uagb-post__cta wp-block-button\">\n\t\t\t\t<a class=\"wp-block-button__link uagb-text-link\" style=\"\" href=\"https:\/\/geocym.com\/index.php\/jupyter-notebook-vs-jupyterlab-qual-escolher\/\" target=\"_self\" rel=\"bookmark noopener noreferrer\">Ler mais<\/a>\n\t\t\t<\/div>\n\t\t\t\n\t\t\t\t\t\t\t\t\t<\/article>\n\t\t\t\t\t\t\t\t\t\t\t\t\t\t\t\t<article class=\"uagb-post__inner-wrap\">\t\t\t\t\t\t\t\t<div class='uagb-post__image'>\n\t\t\t\t\t\t\t\t\t<a href=\"https:\/\/geocym.com\/index.php\/como-instalar-o-jupyterlab-no-wsl-com-ambiente-virtual\/\" target=\"_self\" rel=\"bookmark noopener noreferrer\" class='uagb-image-ratio-inherit'><img loading=\"lazy\" decoding=\"async\" width=\"605\" height=\"332\" src=\"https:\/\/geocym.com\/wp-content\/uploads\/2025\/05\/Como-instalar-o-JupyterLab-no-WSL.png\" class=\"attachment-large size-large\" alt=\"Passo a passo de como instalar o JupterLab no WSL com Ambiente Virtual\" srcset=\"https:\/\/geocym.com\/wp-content\/uploads\/2025\/05\/Como-instalar-o-JupyterLab-no-WSL.png 605w, https:\/\/geocym.com\/wp-content\/uploads\/2025\/05\/Como-instalar-o-JupyterLab-no-WSL-300x165.png 300w\" sizes=\"auto, (max-width: 605px) 100vw, 605px\" title=\"\">\t\t\t\t\t<\/a>\n\t\t\t\t\t\t\t<\/div>\n\t\t\t\t\t\t<h4 class=\"uagb-post__title uagb-post__text\">\n\t\t\t\t<a href=\"https:\/\/geocym.com\/index.php\/como-instalar-o-jupyterlab-no-wsl-com-ambiente-virtual\/\" target=\"_self\" rel=\"bookmark noopener noreferrer\">Como Instalar o JupyterLab no WSL com Ambiente Virtual<\/a>\n\t\t\t<\/h4>\n\t\t\t\t\t\t<div class='uagb-post__text uagb-post-grid-byline'>\n\t\t\t\t\t\t\t<\/div>\n\t\t\t\t\t\t\t<div class='uagb-post__text uagb-post__excerpt'>\n\t\t\t\t\tAprenda a instalar o JupyterLab no WSL usando um ambiente virtual em Python. Guia passo a passo para um ambiente de desenvolvimento avan\u00e7ado.\t\t\t\t<\/div>\n\t\t\t\t\t\t<div class=\"uagb-post__text uagb-post__cta wp-block-button\">\n\t\t\t\t<a class=\"wp-block-button__link uagb-text-link\" style=\"\" href=\"https:\/\/geocym.com\/index.php\/como-instalar-o-jupyterlab-no-wsl-com-ambiente-virtual\/\" target=\"_self\" rel=\"bookmark noopener noreferrer\">Ler mais<\/a>\n\t\t\t<\/div>\n\t\t\t\n\t\t\t\t\t\t\t\t\t<\/article>\n\t\t\t\t\t\t\t\t\t\t\t\t\t\t\t\t<article class=\"uagb-post__inner-wrap\">\t\t\t\t\t\t\t\t<div class='uagb-post__image'>\n\t\t\t\t\t\t\t\t\t<a href=\"https:\/\/geocym.com\/index.php\/como-instalar-o-jupyter-notebook-no-wsl-com-ambiente-virtual\/\" target=\"_self\" rel=\"bookmark noopener noreferrer\" class='uagb-image-ratio-inherit'><img loading=\"lazy\" decoding=\"async\" width=\"605\" height=\"332\" src=\"https:\/\/geocym.com\/wp-content\/uploads\/2025\/05\/Como-instalar-o-Jupyter-Notebook-no-WSL.png\" class=\"attachment-large size-large\" alt=\"\" srcset=\"https:\/\/geocym.com\/wp-content\/uploads\/2025\/05\/Como-instalar-o-Jupyter-Notebook-no-WSL.png 605w, https:\/\/geocym.com\/wp-content\/uploads\/2025\/05\/Como-instalar-o-Jupyter-Notebook-no-WSL-300x165.png 300w\" sizes=\"auto, (max-width: 605px) 100vw, 605px\" title=\"\">\t\t\t\t\t<\/a>\n\t\t\t\t\t\t\t<\/div>\n\t\t\t\t\t\t<h4 class=\"uagb-post__title uagb-post__text\">\n\t\t\t\t<a href=\"https:\/\/geocym.com\/index.php\/como-instalar-o-jupyter-notebook-no-wsl-com-ambiente-virtual\/\" target=\"_self\" rel=\"bookmark noopener noreferrer\">Como instalar o Jupyter Notebook no WSL (com ambiente virtual)<\/a>\n\t\t\t<\/h4>\n\t\t\t\t\t\t<div class='uagb-post__text uagb-post-grid-byline'>\n\t\t\t\t\t\t\t<\/div>\n\t\t\t\t\t\t\t<div class='uagb-post__text uagb-post__excerpt'>\n\t\t\t\t\tAprenda como instalar e configurar o Jupyter Notebook no WSL com Python em um ambiente virtual. Guia pr\u00e1tico, direto e ideal para iniciantes.\t\t\t\t<\/div>\n\t\t\t\t\t\t<div class=\"uagb-post__text uagb-post__cta wp-block-button\">\n\t\t\t\t<a class=\"wp-block-button__link uagb-text-link\" style=\"\" href=\"https:\/\/geocym.com\/index.php\/como-instalar-o-jupyter-notebook-no-wsl-com-ambiente-virtual\/\" target=\"_self\" rel=\"bookmark noopener noreferrer\">Ler mais<\/a>\n\t\t\t<\/div>\n\t\t\t\n\t\t\t\t\t\t\t\t\t<\/article>\n\t\t\t\t\t\t\t\t\t\t\t\t\t\t\t\t<article class=\"uagb-post__inner-wrap\">\t\t\t\t\t\t\t\t<div class='uagb-post__image'>\n\t\t\t\t\t\t\t\t\t<a href=\"https:\/\/geocym.com\/index.php\/como-criar-um-ambiente-virtual-no-wsl-com-python\/\" target=\"_self\" rel=\"bookmark noopener noreferrer\" class='uagb-image-ratio-inherit'><img loading=\"lazy\" decoding=\"async\" width=\"605\" height=\"332\" src=\"https:\/\/geocym.com\/wp-content\/uploads\/2025\/04\/Como-criar-um-Ambiente-Virtual-no-WSL-com-Python-1.png\" class=\"attachment-large size-large\" alt=\"\" srcset=\"https:\/\/geocym.com\/wp-content\/uploads\/2025\/04\/Como-criar-um-Ambiente-Virtual-no-WSL-com-Python-1.png 605w, https:\/\/geocym.com\/wp-content\/uploads\/2025\/04\/Como-criar-um-Ambiente-Virtual-no-WSL-com-Python-1-300x165.png 300w\" sizes=\"auto, (max-width: 605px) 100vw, 605px\" title=\"\">\t\t\t\t\t<\/a>\n\t\t\t\t\t\t\t<\/div>\n\t\t\t\t\t\t<h4 class=\"uagb-post__title uagb-post__text\">\n\t\t\t\t<a href=\"https:\/\/geocym.com\/index.php\/como-criar-um-ambiente-virtual-no-wsl-com-python\/\" target=\"_self\" rel=\"bookmark noopener noreferrer\">Como Criar um Ambiente Virtual no WSL (com Python)<\/a>\n\t\t\t<\/h4>\n\t\t\t\t\t\t<div class='uagb-post__text uagb-post-grid-byline'>\n\t\t\t\t\t\t\t<\/div>\n\t\t\t\t\t\t\t<div class='uagb-post__text uagb-post__excerpt'>\n\t\t\t\t\tAprenda a criar um ambiente virtual no WSL com Python de forma simples e organizada. Mantenha seus projetos de geoprocessamento isolados e est\u00e1veis com este passo a passo.\t\t\t\t<\/div>\n\t\t\t\t\t\t<div class=\"uagb-post__text uagb-post__cta wp-block-button\">\n\t\t\t\t<a class=\"wp-block-button__link uagb-text-link\" style=\"\" href=\"https:\/\/geocym.com\/index.php\/como-criar-um-ambiente-virtual-no-wsl-com-python\/\" target=\"_self\" rel=\"bookmark noopener noreferrer\">Ler mais<\/a>\n\t\t\t<\/div>\n\t\t\t\n\t\t\t\t\t\t\t\t\t<\/article>\n\t\t\t\t\t\t\t\t\t\t\t\t\t\t\t\t<article class=\"uagb-post__inner-wrap\">\t\t\t\t\t\t\t\t<div class='uagb-post__image'>\n\t\t\t\t\t\t\t\t\t<a href=\"https:\/\/geocym.com\/index.php\/como-instalar-o-python-no-wsl\/\" target=\"_self\" rel=\"bookmark noopener noreferrer\" class='uagb-image-ratio-inherit'><img loading=\"lazy\" decoding=\"async\" width=\"605\" height=\"332\" src=\"https:\/\/geocym.com\/wp-content\/uploads\/2025\/04\/Como-instalar-o-Python-no-WSL.png\" class=\"attachment-large size-large\" alt=\"Aprenda a instalar o Python no WSL\" srcset=\"https:\/\/geocym.com\/wp-content\/uploads\/2025\/04\/Como-instalar-o-Python-no-WSL.png 605w, https:\/\/geocym.com\/wp-content\/uploads\/2025\/04\/Como-instalar-o-Python-no-WSL-300x165.png 300w\" sizes=\"auto, (max-width: 605px) 100vw, 605px\" title=\"\">\t\t\t\t\t<\/a>\n\t\t\t\t\t\t\t<\/div>\n\t\t\t\t\t\t<h4 class=\"uagb-post__title uagb-post__text\">\n\t\t\t\t<a href=\"https:\/\/geocym.com\/index.php\/como-instalar-o-python-no-wsl\/\" target=\"_self\" rel=\"bookmark noopener noreferrer\">Como instalar o Python no WSL<\/a>\n\t\t\t<\/h4>\n\t\t\t\t\t\t<div class='uagb-post__text uagb-post-grid-byline'>\n\t\t\t\t\t\t\t<\/div>\n\t\t\t\t\t\t\t<div class='uagb-post__text uagb-post__excerpt'>\n\t\t\t\t\tAprenda a instalar o Python no WSL de forma pr\u00e1tica. Configure seu ambiente Linux no Windows e comece a usar bibliotecas de geoprocessamento agora mesmo!\t\t\t\t<\/div>\n\t\t\t\t\t\t<div class=\"uagb-post__text uagb-post__cta wp-block-button\">\n\t\t\t\t<a class=\"wp-block-button__link uagb-text-link\" style=\"\" href=\"https:\/\/geocym.com\/index.php\/como-instalar-o-python-no-wsl\/\" target=\"_self\" rel=\"bookmark noopener noreferrer\">Ler mais<\/a>\n\t\t\t<\/div>\n\t\t\t\n\t\t\t\t\t\t\t\t\t<\/article>\n\t\t\t\t\t\t\t\t\t\t\t<\/div>\n\t\t\t<\/div><\/div>\n","protected":false},"excerpt":{"rendered":"<p>Tutoriais Seja bem-vindo \u00e0 se\u00e7\u00e3o de tutoriais do GeoCym! Aqui voc\u00ea encontra s\u00e9ries completas de conte\u00fados t\u00e9cnicos e educativos voltados [&hellip;]<\/p>\n","protected":false},"author":1,"featured_media":0,"parent":0,"menu_order":0,"comment_status":"closed","ping_status":"closed","template":"","meta":{"_uag_custom_page_level_css":"","site-sidebar-layout":"default","site-content-layout":"","ast-site-content-layout":"","site-content-style":"default","site-sidebar-style":"default","ast-global-header-display":"","ast-banner-title-visibility":"","ast-main-header-display":"","ast-hfb-above-header-display":"","ast-hfb-below-header-display":"","ast-hfb-mobile-header-display":"","site-post-title":"disabled","ast-breadcrumbs-content":"","ast-featured-img":"","footer-sml-layout":"","ast-disable-related-posts":"","theme-transparent-header-meta":"","adv-header-id-meta":"","stick-header-meta":"","header-above-stick-meta":"","header-main-stick-meta":"","header-below-stick-meta":"","astra-migrate-meta-layouts":"default","ast-page-background-enabled":"default","ast-page-background-meta":{"desktop":{"background-color":"var(--ast-global-color-4)","background-image":"","background-repeat":"repeat","background-position":"center center","background-size":"auto","background-attachment":"scroll","background-type":"","background-media":"","overlay-type":"","overlay-color":"","overlay-opacity":"","overlay-gradient":""},"tablet":{"background-color":"","background-image":"","background-repeat":"repeat","background-position":"center center","background-size":"auto","background-attachment":"scroll","background-type":"","background-media":"","overlay-type":"","overlay-color":"","overlay-opacity":"","overlay-gradient":""},"mobile":{"background-color":"","background-image":"","background-repeat":"repeat","background-position":"center center","background-size":"auto","background-attachment":"scroll","background-type":"","background-media":"","overlay-type":"","overlay-color":"","overlay-opacity":"","overlay-gradient":""}},"ast-content-background-meta":{"desktop":{"background-color":"var(--ast-global-color-5)","background-image":"","background-repeat":"repeat","background-position":"center center","background-size":"auto","background-attachment":"scroll","background-type":"","background-media":"","overlay-type":"","overlay-color":"","overlay-opacity":"","overlay-gradient":""},"tablet":{"background-color":"var(--ast-global-color-5)","background-image":"","background-repeat":"repeat","background-position":"center center","background-size":"auto","background-attachment":"scroll","background-type":"","background-media":"","overlay-type":"","overlay-color":"","overlay-opacity":"","overlay-gradient":""},"mobile":{"background-color":"var(--ast-global-color-5)","background-image":"","background-repeat":"repeat","background-position":"center center","background-size":"auto","background-attachment":"scroll","background-type":"","background-media":"","overlay-type":"","overlay-color":"","overlay-opacity":"","overlay-gradient":""}},"footnotes":""},"class_list":["post-604","page","type-page","status-publish","hentry"],"uagb_featured_image_src":{"full":false,"thumbnail":false,"medium":false,"medium_large":false,"large":false,"1536x1536":false,"2048x2048":false},"uagb_author_info":{"display_name":"geocym","author_link":"https:\/\/geocym.com\/author\/geocym\/"},"uagb_comment_info":0,"uagb_excerpt":"Tutoriais Seja bem-vindo \u00e0 se\u00e7\u00e3o de tutoriais do GeoCym! Aqui voc\u00ea encontra s\u00e9ries completas de conte\u00fados t\u00e9cnicos e educativos voltados [&hellip;]","_links":{"self":[{"href":"https:\/\/geocym.com\/index.php\/wp-json\/wp\/v2\/pages\/604","targetHints":{"allow":["GET"]}}],"collection":[{"href":"https:\/\/geocym.com\/index.php\/wp-json\/wp\/v2\/pages"}],"about":[{"href":"https:\/\/geocym.com\/index.php\/wp-json\/wp\/v2\/types\/page"}],"author":[{"embeddable":true,"href":"https:\/\/geocym.com\/index.php\/wp-json\/wp\/v2\/users\/1"}],"replies":[{"embeddable":true,"href":"https:\/\/geocym.com\/index.php\/wp-json\/wp\/v2\/comments?post=604"}],"version-history":[{"count":10,"href":"https:\/\/geocym.com\/index.php\/wp-json\/wp\/v2\/pages\/604\/revisions"}],"predecessor-version":[{"id":1018,"href":"https:\/\/geocym.com\/index.php\/wp-json\/wp\/v2\/pages\/604\/revisions\/1018"}],"wp:attachment":[{"href":"https:\/\/geocym.com\/index.php\/wp-json\/wp\/v2\/media?parent=604"}],"curies":[{"name":"wp","href":"https:\/\/api.w.org\/{rel}","templated":true}]}}