{"id":26,"date":"2024-07-18T11:22:36","date_gmt":"2024-07-18T14:22:36","guid":{"rendered":"https:\/\/geocym.com\/?page_id=26"},"modified":"2025-04-23T07:05:20","modified_gmt":"2025-04-23T10:05:20","slug":"contacto","status":"publish","type":"page","link":"https:\/\/geocym.com\/index.php\/contacto\/","title":{"rendered":"Contacto"},"content":{"rendered":"\n<div class=\"wp-block-uagb-container uagb-block-83142712 alignfull uagb-is-root-container\">\n<div class=\"wp-block-uagb-container uagb-block-0d2207a1\">\n<div class=\"wp-block-uagb-advanced-heading uagb-block-5d98f017\"><h1 class=\"uagb-heading-text\">Contacto<\/h1><div class=\"uagb-separator\"><\/div><\/div>\n<\/div>\n<\/div>\n\n\n\n<div class=\"wp-block-uagb-container uagb-block-8e816253 alignfull uagb-is-root-container\"><div class=\"uagb-container-inner-blocks-wrap\">\n<p><strong>Estamos aqui para ajudar voc\u00ea!<\/strong><\/p>\n\n\n\n<p>Tem d\u00favidas, sugest\u00f5es ou precisa de informa\u00e7\u00f5es espec\u00edficas?<br>Entre em contacto conosco, nossa equipe do GeoCym est\u00e1 pronta para ajudar voc\u00ea com quest\u00f5es relacionadas a Sistemas de Informa\u00e7\u00e3o Geogr\u00e1fica (SIG), Geotecnologias, tutoriais e conte\u00fados do portal.<\/p>\n\n\n\n<p>Preencha o formul\u00e1rio abaixo e descreva como podemos ajudar. Nosso retorno ser\u00e1 feito o mais breve poss\u00edvel.<\/p>\n<\/div><\/div>\n\n\n\n<div class=\"wp-block-uagb-container uagb-block-ad4fab96 alignfull uagb-is-root-container\"><div class=\"uagb-container-inner-blocks-wrap\"><style id=\"wpforms-css-vars-361\">\n\t\t\t\t#wpforms-361 {\n\t\t\t\t\n\t\t\t}\n\t\t\t<\/style><div class=\"wpforms-container wpforms-container-full wpforms-render-modern\" id=\"wpforms-361\"><form id=\"wpforms-form-361\" class=\"wpforms-validate wpforms-form wpforms-ajax-form\" data-formid=\"361\" method=\"post\" enctype=\"multipart\/form-data\" action=\"\/index.php\/wp-json\/wp\/v2\/pages\/26\" data-token=\"60f4ed9014716f3148e504409c423888\" data-token-time=\"1775741311\"><noscript class=\"wpforms-error-noscript\">Ative o JavaScript no seu navegador para preencher este formul\u00e1rio.<\/noscript><div id=\"wpforms-error-noscript\" style=\"display: none;\">Ative o JavaScript no seu navegador para preencher este formul\u00e1rio.<\/div><div class=\"wpforms-field-container\"><div id=\"wpforms-361-field_1-container\" class=\"wpforms-field wpforms-field-name\" data-field-id=\"1\"><fieldset><legend class=\"wpforms-field-label\">Nome <span class=\"wpforms-required-label\" aria-hidden=\"true\">*<\/span><\/legend><div class=\"wpforms-field-row wpforms-field-medium\"><div class=\"wpforms-field-row-block wpforms-first wpforms-one-half\"><input type=\"text\" id=\"wpforms-361-field_1\" class=\"wpforms-field-name-first wpforms-field-required\" name=\"wpforms[fields][1][first]\" aria-errormessage=\"wpforms-361-field_1-error\" required><label for=\"wpforms-361-field_1\" class=\"wpforms-field-sublabel after\">Nome<\/label><\/div><div class=\"wpforms-field-row-block wpforms-one-half\"><input type=\"text\" id=\"wpforms-361-field_1-last\" class=\"wpforms-field-name-last wpforms-field-required\" name=\"wpforms[fields][1][last]\" aria-errormessage=\"wpforms-361-field_1-last-error\" required><label for=\"wpforms-361-field_1-last\" class=\"wpforms-field-sublabel after\">Sobrenome<\/label><\/div><\/div><\/fieldset><\/div><div id=\"wpforms-361-field_2-container\" class=\"wpforms-field wpforms-field-email\" data-field-id=\"2\"><label class=\"wpforms-field-label\" for=\"wpforms-361-field_2\">E-mail <span class=\"wpforms-required-label\" aria-hidden=\"true\">*<\/span><\/label><input type=\"email\" id=\"wpforms-361-field_2\" class=\"wpforms-field-medium wpforms-field-required\" name=\"wpforms[fields][2]\" spellcheck=\"false\" aria-errormessage=\"wpforms-361-field_2-error\" required><\/div><div id=\"wpforms-361-field_4-container\" class=\"wpforms-field wpforms-field-textarea\" data-field-id=\"4\"><label class=\"wpforms-field-label\" for=\"wpforms-361-field_4\">\u00c1rea de texto<\/label><textarea id=\"wpforms-361-field_4\" class=\"wpforms-field-medium\" name=\"wpforms[fields][4]\" aria-errormessage=\"wpforms-361-field_4-error\" ><\/textarea><\/div><\/div><!-- .wpforms-field-container -->\r\n\t\t\t<script>\r\n\t\t\tif ( typeof huOptions !== 'undefined' ) {\r\n\t\t\t\tvar huFormData = {\"source\":\"wpforms\",\"id\":361,\"title\":\"Contacto\",\"fields\":{\"subject\":{\"first_name\":\"\",\"last_name\":\"\"}}};\r\n\t\t\t\tvar huFormNode = document.querySelector( '[id=\"wpforms-361\"] form' );\r\n\r\n\t\t\t\tvar firstName = huFormNode.querySelector( 'input.wpforms-field-name-first' );\r\n\t\t\t\tvar lastName = huFormNode.querySelector( 'input.wpforms-field-name-last' );\r\n\r\n\t\t\t\tif ( firstName )\r\n\t\t\t\t\thuFormData['fields']['subject']['first_name'] = firstName.getAttribute( 'name' );\r\n\r\n\t\t\t\tif ( lastName )\r\n\t\t\t\t\thuFormData['fields']['subject']['last_name'] = lastName.getAttribute( 'name' );\r\n\r\n\t\t\t\thuFormData['node'] = huFormNode;\r\n\t\t\t\thuOptions['forms'].push( huFormData );\r\n\t\t\t}\r\n\t\t\t<\/script><div class=\"wpforms-submit-container\" ><input type=\"hidden\" name=\"wpforms[id]\" value=\"361\"><input type=\"hidden\" name=\"page_title\" value=\"\"><input type=\"hidden\" name=\"page_url\" value=\"https:\/\/geocym.com\/index.php\/wp-json\/wp\/v2\/pages\/26\"><input type=\"hidden\" name=\"url_referer\" value=\"\"><button type=\"submit\" name=\"wpforms[submit]\" id=\"wpforms-submit-361\" class=\"wpforms-submit\" data-alt-text=\"Enviando\u2026\" data-submit-text=\"Enviar\" aria-live=\"assertive\" value=\"wpforms-submit\">Enviar<\/button><img loading=\"lazy\" decoding=\"async\" src=\"https:\/\/geocym.com\/wp-content\/plugins\/wpforms-lite\/assets\/images\/submit-spin.svg\" class=\"wpforms-submit-spinner\" style=\"display: none;\" width=\"26\" height=\"26\" alt=\"Carregando\" title=\"\"><\/div><\/form><\/div>  <!-- .wpforms-container -->\n<\/div><\/div>\n\n\n\n<p><\/p>\n\n\n\n<div class=\"wp-block-uagb-container uagb-block-894a2240 alignfull uagb-is-root-container\"><div class=\"uagb-container-inner-blocks-wrap\">\n<p>\ud83d\udce7 <strong>Alternativas de Contato<\/strong><\/p>\n\n\n\n<p>Caso prefira, envie um e-mail diretamente para:<\/p>\n\n\n\n<div class=\"wp-block-uagb-icon-list uagb-block-b7953da0\"><div class=\"uagb-icon-list__wrap\">\n<div class=\"wp-block-uagb-icon-list-child uagb-block-a2488786\"><a target=\"_blank\" aria-label=\"contact@geocym.com\" rel=\"noopener noreferrer\" href=\"mailto:contact@geocym.com\"> <\/a><span class=\"uagb-icon-list__source-wrap\"><svg xmlns=\"https:\/\/www.w3.org\/2000\/svg\" viewBox=\"0 0 448 512\"><path d=\"M438.6 278.6l-160 160C272.4 444.9 264.2 448 256 448s-16.38-3.125-22.62-9.375c-12.5-12.5-12.5-32.75 0-45.25L338.8 288H32C14.33 288 .0016 273.7 .0016 256S14.33 224 32 224h306.8l-105.4-105.4c-12.5-12.5-12.5-32.75 0-45.25s32.75-12.5 45.25 0l160 160C451.1 245.9 451.1 266.1 438.6 278.6z\"><\/path><\/svg><\/span><span class=\"uagb-icon-list__label\">contact@geocym.com<\/span><\/div>\n<\/div><\/div>\n\n\n\n<p style=\"font-style:normal;font-weight:600\">Voc\u00ea tamb\u00e9m pode nos acompanhar nas redes sociais:<\/p>\n\n\n\n<ul style=\"margin-top:-30px;margin-bottom:-30px\" class=\"wp-block-list\">\n<li><a href=\"https:\/\/www.linkedin.com\/in\/yurimoreira-git\/\" target=\"_blank\" rel=\"noreferrer noopener nofollow\">LinkedIn<\/a><\/li>\n\n\n\n<li><a class=\"\" href=\"#\">Instagram<\/a><\/li>\n\n\n\n<li><a href=\"https:\/\/github.com\/yurimtig\" target=\"_blank\" rel=\"noreferrer noopener nofollow\">GitHub<\/a><\/li>\n<\/ul>\n\n\n\n<p style=\"margin-top:50px;margin-bottom:50px\">Para mais informa\u00e7\u00f5es sobre o tratamento de seus dados, clique nos links  e conheca as nossas <a href=\"https:\/\/geocym.com\/index.php\/politica-de-privacidade\/\">Pol\u00edtica de Privacidade<\/a> e <a href=\"https:\/\/geocym.com\/index.php\/termos-de-uso-e-condicoes\/\" target=\"_blank\" rel=\"noreferrer noopener\">Termos de Uso<\/a>.<\/p>\n<\/div><\/div>\n\n\n\n<div class=\"wp-block-uagb-container uagb-block-8c69dfbc alignfull uagb-is-root-container\"><div class=\"uagb-container-inner-blocks-wrap\">\n\t\t\t<div class=\"wp-block-uagb-post-carousel uagb-post-grid  uagb-post__image-position-top uagb-post__image-enabled uagb-block-a28a92da     uagb-post__arrow-outside uagb-slick-carousel uagb-post__items uagb-post__columns-3 is-carousel uagb-post__columns-tablet-2 uagb-post__columns-mobile-1\" data-total=\"3\" style=\"\">\n\n\t\t\t\t\t\t\t\t\t\t\t\t<article class=\"uagb-post__inner-wrap\">\t\t\t\t\t\t\t\t<div class='uagb-post__image'>\n\t\t\t\t\t\t\t\t\t<a href=\"https:\/\/geocym.com\/index.php\/geoai-o-que-e-para-que-serve-e-como-esta-transformando-as-geotecnologias\/\" target=\"_self\" rel=\"bookmark noopener noreferrer\"><img loading=\"lazy\" decoding=\"async\" width=\"605\" height=\"332\" src=\"https:\/\/geocym.com\/wp-content\/uploads\/2025\/06\/GeoAI-1.png\" class=\"attachment-large size-large\" alt=\"\" srcset=\"https:\/\/geocym.com\/wp-content\/uploads\/2025\/06\/GeoAI-1.png 605w, https:\/\/geocym.com\/wp-content\/uploads\/2025\/06\/GeoAI-1-300x165.png 300w\" sizes=\"auto, (max-width: 605px) 100vw, 605px\" title=\"\">\t\t\t\t\t<\/a>\n\t\t\t\t\t\t\t\t\t<\/div>\n\t\t\t\t\t\t<h4 class=\"uagb-post__title uagb-post__text\">\n\t\t\t\t<a href=\"https:\/\/geocym.com\/index.php\/geoai-o-que-e-para-que-serve-e-como-esta-transformando-as-geotecnologias\/\" target=\"_self\" rel=\"bookmark noopener noreferrer\">GeoAI: o que \u00e9, para que serve e como est\u00e1 transformando as geotecnologias<\/a>\n\t\t\t<\/h4>\n\t\t\t\t\t\t<div class='uagb-post__text uagb-post-grid-byline'>\n\t\t\t\t\t\t\t\t<time datetime=\"2025-06-26T16:41:11+01:00\" class=\"uagb-post__date\">\n\t\t\t\t<span class=\"dashicons-calendar dashicons\"><\/span>\t\t\t\t\t26 de junho de 2025\t\t\t\t<\/time>\n\t\t\t\t\t\t\t<span class=\"uagb-post__comment\">\n\t\t\t\t<span class=\"dashicons-admin-comments dashicons\"><\/span>\t\t\t\t\tNenhum coment\u00e1rio\t\t\t\t<\/span>\n\t\t\t\t\t\t<\/div>\n\t\t\t\t\t\t\t<div class='uagb-post__text uagb-post__excerpt'>\n\t\t\t\t\tDescubra o que \u00e9 GeoAI, como funciona e por que essa tecnologia est\u00e1 transformando o&#8230;\t\t\t\t<\/div>\n\t\t\t\t\t\t<div class=\"uagb-post__text uagb-post__cta wp-block-button\">\n\t\t\t\t<a class=\"wp-block-button__link uagb-text-link\" style=\"\" href=\"https:\/\/geocym.com\/index.php\/geoai-o-que-e-para-que-serve-e-como-esta-transformando-as-geotecnologias\/\" target=\"_self\" rel=\"bookmark noopener noreferrer\">Ler mais<\/a>\n\t\t\t<\/div>\n\t\t\t\n\t\t\t\t\t\t\t\t\t<\/article>\n\t\t\t\t\t\t\t\t\t\t\t\t\t\t\t\t<article class=\"uagb-post__inner-wrap\">\t\t\t\t\t\t\t\t<div class='uagb-post__image'>\n\t\t\t\t\t\t\t\t\t<a href=\"https:\/\/geocym.com\/index.php\/formacao-gratuita-aborda-a-relacao-entre-geografia-sig-e-inteligencia-artificial\/\" target=\"_self\" rel=\"bookmark noopener noreferrer\"><img loading=\"lazy\" decoding=\"async\" width=\"605\" height=\"332\" src=\"https:\/\/geocym.com\/wp-content\/uploads\/2025\/06\/formacao.png\" class=\"attachment-large size-large\" alt=\"Forma\u00e7\u00e3o gratuita sobre Geografia, SIG e Intelig\u00eancia Artificial com Joaquim Patriarca, promovida pela Associa\u00e7\u00e3o Portuguesa de Ge\u00f3grafos.\" srcset=\"https:\/\/geocym.com\/wp-content\/uploads\/2025\/06\/formacao.png 605w, https:\/\/geocym.com\/wp-content\/uploads\/2025\/06\/formacao-300x165.png 300w\" sizes=\"auto, (max-width: 605px) 100vw, 605px\" title=\"\">\t\t\t\t\t<\/a>\n\t\t\t\t\t\t\t\t\t<\/div>\n\t\t\t\t\t\t<h4 class=\"uagb-post__title uagb-post__text\">\n\t\t\t\t<a href=\"https:\/\/geocym.com\/index.php\/formacao-gratuita-aborda-a-relacao-entre-geografia-sig-e-inteligencia-artificial\/\" target=\"_self\" rel=\"bookmark noopener noreferrer\">Forma\u00e7\u00e3o gratuita aborda a rela\u00e7\u00e3o entre Geografia, SIG e Intelig\u00eancia Artificial<\/a>\n\t\t\t<\/h4>\n\t\t\t\t\t\t<div class='uagb-post__text uagb-post-grid-byline'>\n\t\t\t\t\t\t\t\t<time datetime=\"2025-06-17T11:24:37+01:00\" class=\"uagb-post__date\">\n\t\t\t\t<span class=\"dashicons-calendar dashicons\"><\/span>\t\t\t\t\t17 de junho de 2025\t\t\t\t<\/time>\n\t\t\t\t\t\t\t<span class=\"uagb-post__comment\">\n\t\t\t\t<span class=\"dashicons-admin-comments dashicons\"><\/span>\t\t\t\t\tNenhum coment\u00e1rio\t\t\t\t<\/span>\n\t\t\t\t\t\t<\/div>\n\t\t\t\t\t\t\t<div class='uagb-post__text uagb-post__excerpt'>\n\t\t\t\t\tInscreva-se na forma\u00e7\u00e3o gratuita sobre Geografia, SIG e Intelig\u00eancia Artificial com Joaquim Patriarca, promovida pela&#8230;\t\t\t\t<\/div>\n\t\t\t\t\t\t<div class=\"uagb-post__text uagb-post__cta wp-block-button\">\n\t\t\t\t<a class=\"wp-block-button__link uagb-text-link\" style=\"\" href=\"https:\/\/geocym.com\/index.php\/formacao-gratuita-aborda-a-relacao-entre-geografia-sig-e-inteligencia-artificial\/\" target=\"_self\" rel=\"bookmark noopener noreferrer\">Ler mais<\/a>\n\t\t\t<\/div>\n\t\t\t\n\t\t\t\t\t\t\t\t\t<\/article>\n\t\t\t\t\t\t\t\t\t\t\t\t\t\t\t\t<article class=\"uagb-post__inner-wrap\">\t\t\t\t\t\t\t\t<div class='uagb-post__image'>\n\t\t\t\t\t\t\t\t\t<a href=\"https:\/\/geocym.com\/index.php\/uc-coimbra-mestrado-informacao-geoespacial-candidaturas-2025\/\" target=\"_self\" rel=\"bookmark noopener noreferrer\"><img loading=\"lazy\" decoding=\"async\" width=\"605\" height=\"332\" src=\"https:\/\/geocym.com\/wp-content\/uploads\/2025\/06\/universidade-de-coimbra-1.png\" class=\"attachment-large size-large\" alt=\"\" srcset=\"https:\/\/geocym.com\/wp-content\/uploads\/2025\/06\/universidade-de-coimbra-1.png 605w, https:\/\/geocym.com\/wp-content\/uploads\/2025\/06\/universidade-de-coimbra-1-300x165.png 300w\" sizes=\"auto, (max-width: 605px) 100vw, 605px\" title=\"\">\t\t\t\t\t<\/a>\n\t\t\t\t\t\t\t\t\t<\/div>\n\t\t\t\t\t\t<h4 class=\"uagb-post__title uagb-post__text\">\n\t\t\t\t<a href=\"https:\/\/geocym.com\/index.php\/uc-coimbra-mestrado-informacao-geoespacial-candidaturas-2025\/\" target=\"_self\" rel=\"bookmark noopener noreferrer\">Universidade de Coimbra est\u00e1 com inscri\u00e7\u00f5es abertas para o Mestrado em Engenharia de Informa\u00e7\u00e3o Geoespacial (2\u00aa fase)<\/a>\n\t\t\t<\/h4>\n\t\t\t\t\t\t<div class='uagb-post__text uagb-post-grid-byline'>\n\t\t\t\t\t\t\t\t<time datetime=\"2025-06-17T07:52:06+01:00\" class=\"uagb-post__date\">\n\t\t\t\t<span class=\"dashicons-calendar dashicons\"><\/span>\t\t\t\t\t17 de junho de 2025\t\t\t\t<\/time>\n\t\t\t\t\t\t\t<span class=\"uagb-post__comment\">\n\t\t\t\t<span class=\"dashicons-admin-comments dashicons\"><\/span>\t\t\t\t\tNenhum coment\u00e1rio\t\t\t\t<\/span>\n\t\t\t\t\t\t<\/div>\n\t\t\t\t\t\t\t<div class='uagb-post__text uagb-post__excerpt'>\n\t\t\t\t\tUniversidade de Coimbra est\u00e1 com as inscri\u00e7\u00f5es abertas para o Mestrado em Engenharia de Informa\u00e7\u00e3o&#8230;\t\t\t\t<\/div>\n\t\t\t\t\t\t<div class=\"uagb-post__text uagb-post__cta wp-block-button\">\n\t\t\t\t<a class=\"wp-block-button__link uagb-text-link\" style=\"\" href=\"https:\/\/geocym.com\/index.php\/uc-coimbra-mestrado-informacao-geoespacial-candidaturas-2025\/\" target=\"_self\" rel=\"bookmark noopener noreferrer\">Ler mais<\/a>\n\t\t\t<\/div>\n\t\t\t\n\t\t\t\t\t\t\t\t\t<\/article>\n\t\t\t\t\t\t\t\t\t\t\t\t\t\t\t\t<article class=\"uagb-post__inner-wrap\">\t\t\t\t\t\t\t\t<div class='uagb-post__image'>\n\t\t\t\t\t\t\t\t\t<a href=\"https:\/\/geocym.com\/index.php\/instalar-bibliotecas-python-geoprocessamento\/\" target=\"_self\" rel=\"bookmark noopener noreferrer\"><img loading=\"lazy\" decoding=\"async\" width=\"605\" height=\"332\" src=\"https:\/\/geocym.com\/wp-content\/uploads\/2025\/05\/Instalando-bibliotecas-Python-para-geoprocessamento-no-WSL.png\" class=\"attachment-large size-large\" alt=\"\" srcset=\"https:\/\/geocym.com\/wp-content\/uploads\/2025\/05\/Instalando-bibliotecas-Python-para-geoprocessamento-no-WSL.png 605w, https:\/\/geocym.com\/wp-content\/uploads\/2025\/05\/Instalando-bibliotecas-Python-para-geoprocessamento-no-WSL-300x165.png 300w\" sizes=\"auto, (max-width: 605px) 100vw, 605px\" title=\"\">\t\t\t\t\t<\/a>\n\t\t\t\t\t\t\t\t\t<\/div>\n\t\t\t\t\t\t<h4 class=\"uagb-post__title uagb-post__text\">\n\t\t\t\t<a href=\"https:\/\/geocym.com\/index.php\/instalar-bibliotecas-python-geoprocessamento\/\" target=\"_self\" rel=\"bookmark noopener noreferrer\">Instalando bibliotecas Python para geoprocessamento no WSL<\/a>\n\t\t\t<\/h4>\n\t\t\t\t\t\t<div class='uagb-post__text uagb-post-grid-byline'>\n\t\t\t\t\t\t\t\t<time datetime=\"2025-05-27T08:04:18+01:00\" class=\"uagb-post__date\">\n\t\t\t\t<span class=\"dashicons-calendar dashicons\"><\/span>\t\t\t\t\t27 de maio de 2025\t\t\t\t<\/time>\n\t\t\t\t\t\t\t<span class=\"uagb-post__comment\">\n\t\t\t\t<span class=\"dashicons-admin-comments dashicons\"><\/span>\t\t\t\t\tNenhum coment\u00e1rio\t\t\t\t<\/span>\n\t\t\t\t\t\t<\/div>\n\t\t\t\t\t\t\t<div class='uagb-post__text uagb-post__excerpt'>\n\t\t\t\t\tAprenda como instalar as bibliotecas essenciais de Python para geoprocessamento no WSL, incluindo GeoPandas, Shapely,&#8230;\t\t\t\t<\/div>\n\t\t\t\t\t\t<div class=\"uagb-post__text uagb-post__cta wp-block-button\">\n\t\t\t\t<a class=\"wp-block-button__link uagb-text-link\" style=\"\" href=\"https:\/\/geocym.com\/index.php\/instalar-bibliotecas-python-geoprocessamento\/\" target=\"_self\" rel=\"bookmark noopener noreferrer\">Ler mais<\/a>\n\t\t\t<\/div>\n\t\t\t\n\t\t\t\t\t\t\t\t\t<\/article>\n\t\t\t\t\t\t\t\t\t\t\t\t\t\t\t\t<article class=\"uagb-post__inner-wrap\">\t\t\t\t\t\t\t\t<div class='uagb-post__image'>\n\t\t\t\t\t\t\t\t\t<a href=\"https:\/\/geocym.com\/index.php\/sigspatial-2025-chamada-trabalhos-sig\/\" target=\"_self\" rel=\"bookmark noopener noreferrer\"><img loading=\"lazy\" decoding=\"async\" width=\"605\" height=\"332\" src=\"https:\/\/geocym.com\/wp-content\/uploads\/2025\/05\/33a-edicao-da-conferencia-internacional-ACM-SIGSPATIAL.png\" class=\"attachment-large size-large\" alt=\"\" srcset=\"https:\/\/geocym.com\/wp-content\/uploads\/2025\/05\/33a-edicao-da-conferencia-internacional-ACM-SIGSPATIAL.png 605w, https:\/\/geocym.com\/wp-content\/uploads\/2025\/05\/33a-edicao-da-conferencia-internacional-ACM-SIGSPATIAL-300x165.png 300w\" sizes=\"auto, (max-width: 605px) 100vw, 605px\" title=\"\">\t\t\t\t\t<\/a>\n\t\t\t\t\t\t\t\t\t<\/div>\n\t\t\t\t\t\t<h4 class=\"uagb-post__title uagb-post__text\">\n\t\t\t\t<a href=\"https:\/\/geocym.com\/index.php\/sigspatial-2025-chamada-trabalhos-sig\/\" target=\"_self\" rel=\"bookmark noopener noreferrer\">ACM SIGSPATIAL 2025 abre chamada de trabalhos para confer\u00eancia internacional sobre SIG em novembro<\/a>\n\t\t\t<\/h4>\n\t\t\t\t\t\t<div class='uagb-post__text uagb-post-grid-byline'>\n\t\t\t\t\t\t\t\t<time datetime=\"2025-05-14T08:37:56+01:00\" class=\"uagb-post__date\">\n\t\t\t\t<span class=\"dashicons-calendar dashicons\"><\/span>\t\t\t\t\t14 de maio de 2025\t\t\t\t<\/time>\n\t\t\t\t\t\t\t<span class=\"uagb-post__comment\">\n\t\t\t\t<span class=\"dashicons-admin-comments dashicons\"><\/span>\t\t\t\t\tNenhum coment\u00e1rio\t\t\t\t<\/span>\n\t\t\t\t\t\t<\/div>\n\t\t\t\t\t\t\t<div class='uagb-post__text uagb-post__excerpt'>\n\t\t\t\t\t 33\u00aa edi\u00e7\u00e3o da confer\u00eancia internacional ACM SIGSPATIAL est\u00e1 com chamada de trabalhos aberta para&#8230;\t\t\t\t<\/div>\n\t\t\t\t\t\t<div class=\"uagb-post__text uagb-post__cta wp-block-button\">\n\t\t\t\t<a class=\"wp-block-button__link uagb-text-link\" style=\"\" href=\"https:\/\/geocym.com\/index.php\/sigspatial-2025-chamada-trabalhos-sig\/\" target=\"_self\" rel=\"bookmark noopener noreferrer\">Ler mais<\/a>\n\t\t\t<\/div>\n\t\t\t\n\t\t\t\t\t\t\t\t\t<\/article>\n\t\t\t\t\t\t\t\t\t\t\t\t\t\t\t\t<article class=\"uagb-post__inner-wrap\">\t\t\t\t\t\t\t\t<div class='uagb-post__image'>\n\t\t\t\t\t\t\t\t\t<a href=\"https:\/\/geocym.com\/index.php\/workshop-ladm-cadastro-3d-fig-2025-florianopolis\/\" target=\"_self\" rel=\"bookmark noopener noreferrer\"><img loading=\"lazy\" decoding=\"async\" width=\"605\" height=\"332\" src=\"https:\/\/geocym.com\/wp-content\/uploads\/2025\/05\/13o-Workshop-Internacional-sobre-LADM-e-Cadastro-3D.png\" class=\"attachment-large size-large\" alt=\"\" srcset=\"https:\/\/geocym.com\/wp-content\/uploads\/2025\/05\/13o-Workshop-Internacional-sobre-LADM-e-Cadastro-3D.png 605w, https:\/\/geocym.com\/wp-content\/uploads\/2025\/05\/13o-Workshop-Internacional-sobre-LADM-e-Cadastro-3D-300x165.png 300w\" sizes=\"auto, (max-width: 605px) 100vw, 605px\" title=\"\">\t\t\t\t\t<\/a>\n\t\t\t\t\t\t\t\t\t<\/div>\n\t\t\t\t\t\t<h4 class=\"uagb-post__title uagb-post__text\">\n\t\t\t\t<a href=\"https:\/\/geocym.com\/index.php\/workshop-ladm-cadastro-3d-fig-2025-florianopolis\/\" target=\"_self\" rel=\"bookmark noopener noreferrer\">Florian\u00f3polis vai sediar o 13\u00ba Workshop Internacional sobre LADM e Cadastro 3D em novembro de 2025<\/a>\n\t\t\t<\/h4>\n\t\t\t\t\t\t<div class='uagb-post__text uagb-post-grid-byline'>\n\t\t\t\t\t\t\t\t<time datetime=\"2025-05-12T07:56:34+01:00\" class=\"uagb-post__date\">\n\t\t\t\t<span class=\"dashicons-calendar dashicons\"><\/span>\t\t\t\t\t12 de maio de 2025\t\t\t\t<\/time>\n\t\t\t\t\t\t\t<span class=\"uagb-post__comment\">\n\t\t\t\t<span class=\"dashicons-admin-comments dashicons\"><\/span>\t\t\t\t\tNenhum coment\u00e1rio\t\t\t\t<\/span>\n\t\t\t\t\t\t<\/div>\n\t\t\t\t\t\t\t<div class='uagb-post__text uagb-post__excerpt'>\n\t\t\t\t\tFlorian\u00f3polis ser\u00e1 sede do 13\u00ba Workshop Internacional da FIG sobre LADM e Cadastro 3D, entre&#8230;\t\t\t\t<\/div>\n\t\t\t\t\t\t<div class=\"uagb-post__text uagb-post__cta wp-block-button\">\n\t\t\t\t<a class=\"wp-block-button__link uagb-text-link\" style=\"\" href=\"https:\/\/geocym.com\/index.php\/workshop-ladm-cadastro-3d-fig-2025-florianopolis\/\" target=\"_self\" rel=\"bookmark noopener noreferrer\">Ler mais<\/a>\n\t\t\t<\/div>\n\t\t\t\n\t\t\t\t\t\t\t\t\t<\/article>\n\t\t\t\t\t\t\t\t\t\t\t<\/div>\n\t\t\t<\/div><\/div>\n","protected":false},"excerpt":{"rendered":"<p>Contacto Estamos aqui para ajudar voc\u00ea! Tem d\u00favidas, sugest\u00f5es ou precisa de informa\u00e7\u00f5es espec\u00edficas?Entre em contacto conosco, nossa equipe do [&hellip;]<\/p>\n","protected":false},"author":1,"featured_media":0,"parent":0,"menu_order":4,"comment_status":"closed","ping_status":"closed","template":"","meta":{"_uag_custom_page_level_css":"","site-sidebar-layout":"no-sidebar","site-content-layout":"","ast-site-content-layout":"","site-content-style":"unboxed","site-sidebar-style":"default","ast-global-header-display":"","ast-banner-title-visibility":"","ast-main-header-display":"","ast-hfb-above-header-display":"","ast-hfb-below-header-display":"","ast-hfb-mobile-header-display":"","site-post-title":"disabled","ast-breadcrumbs-content":"","ast-featured-img":"","footer-sml-layout":"","ast-disable-related-posts":"","theme-transparent-header-meta":"","adv-header-id-meta":"","stick-header-meta":"","header-above-stick-meta":"","header-main-stick-meta":"","header-below-stick-meta":"","astra-migrate-meta-layouts":"default","ast-page-background-enabled":"default","ast-page-background-meta":{"desktop":{"background-color":"var(--ast-global-color-4)","background-image":"","background-repeat":"repeat","background-position":"center center","background-size":"auto","background-attachment":"scroll","background-type":"","background-media":"","overlay-type":"","overlay-color":"","overlay-opacity":"","overlay-gradient":""},"tablet":{"background-color":"","background-image":"","background-repeat":"repeat","background-position":"center center","background-size":"auto","background-attachment":"scroll","background-type":"","background-media":"","overlay-type":"","overlay-color":"","overlay-opacity":"","overlay-gradient":""},"mobile":{"background-color":"","background-image":"","background-repeat":"repeat","background-position":"center center","background-size":"auto","background-attachment":"scroll","background-type":"","background-media":"","overlay-type":"","overlay-color":"","overlay-opacity":"","overlay-gradient":""}},"ast-content-background-meta":{"desktop":{"background-color":"var(--ast-global-color-5)","background-image":"","background-repeat":"repeat","background-position":"center center","background-size":"auto","background-attachment":"scroll","background-type":"","background-media":"","overlay-type":"","overlay-color":"","overlay-opacity":"","overlay-gradient":""},"tablet":{"background-color":"var(--ast-global-color-5)","background-image":"","background-repeat":"repeat","background-position":"center center","background-size":"auto","background-attachment":"scroll","background-type":"","background-media":"","overlay-type":"","overlay-color":"","overlay-opacity":"","overlay-gradient":""},"mobile":{"background-color":"var(--ast-global-color-5)","background-image":"","background-repeat":"repeat","background-position":"center center","background-size":"auto","background-attachment":"scroll","background-type":"","background-media":"","overlay-type":"","overlay-color":"","overlay-opacity":"","overlay-gradient":""}},"footnotes":""},"class_list":["post-26","page","type-page","status-publish","hentry"],"uagb_featured_image_src":{"full":false,"thumbnail":false,"medium":false,"medium_large":false,"large":false,"1536x1536":false,"2048x2048":false},"uagb_author_info":{"display_name":"geocym","author_link":"https:\/\/geocym.com\/author\/geocym\/"},"uagb_comment_info":0,"uagb_excerpt":"Contacto Estamos aqui para ajudar voc\u00ea! Tem d\u00favidas, sugest\u00f5es ou precisa de informa\u00e7\u00f5es espec\u00edficas?Entre em contacto conosco, nossa equipe do [&hellip;]","_links":{"self":[{"href":"https:\/\/geocym.com\/index.php\/wp-json\/wp\/v2\/pages\/26","targetHints":{"allow":["GET"]}}],"collection":[{"href":"https:\/\/geocym.com\/index.php\/wp-json\/wp\/v2\/pages"}],"about":[{"href":"https:\/\/geocym.com\/index.php\/wp-json\/wp\/v2\/types\/page"}],"author":[{"embeddable":true,"href":"https:\/\/geocym.com\/index.php\/wp-json\/wp\/v2\/users\/1"}],"replies":[{"embeddable":true,"href":"https:\/\/geocym.com\/index.php\/wp-json\/wp\/v2\/comments?post=26"}],"version-history":[{"count":22,"href":"https:\/\/geocym.com\/index.php\/wp-json\/wp\/v2\/pages\/26\/revisions"}],"predecessor-version":[{"id":679,"href":"https:\/\/geocym.com\/index.php\/wp-json\/wp\/v2\/pages\/26\/revisions\/679"}],"wp:attachment":[{"href":"https:\/\/geocym.com\/index.php\/wp-json\/wp\/v2\/media?parent=26"}],"curies":[{"name":"wp","href":"https:\/\/api.w.org\/{rel}","templated":true}]}}