{"id":17,"date":"2024-07-18T11:11:26","date_gmt":"2024-07-18T14:11:26","guid":{"rendered":"https:\/\/geocym.com\/?page_id=17"},"modified":"2025-07-01T11:33:43","modified_gmt":"2025-07-01T10:33:43","slug":"geocym-com","status":"publish","type":"page","link":"https:\/\/geocym.com\/","title":{"rendered":"In\u00edcio"},"content":{"rendered":"\n<div class=\"wp-block-uagb-container uagb-block-dd1e6765 alignfull uagb-is-root-container\">\n<div class=\"wp-block-uagb-container uagb-block-4264c7ae\">\n<div class=\"wp-block-uagb-advanced-heading uagb-block-19a40f54\"><h1 class=\"uagb-heading-text\">Bem-Vindo(a) ao GeoCYM, <\/h1><p class=\"uagb-desc-text\">Um portal dedicado \u00e0 partilha de informa\u00e7\u00f5es, not\u00edcias e tutoriais voltados \u00e0s tecnologias de informa\u00e7\u00e3o geogr\u00e1fica e ci\u00eancia de dados geoespaciais.<\/p><div class=\"uagb-separator\"><\/div><\/div>\n<\/div>\n<\/div>\n\n\n\n<div class=\"wp-block-uagb-container uagb-block-afffc60e alignfull uagb-is-root-container\"><div class=\"uagb-container-inner-blocks-wrap\"><\/div><\/div>\n\n\n\n<div class=\"wp-block-uagb-container uagb-block-0cf2bf31 alignfull uagb-is-root-container\"><div class=\"uagb-container-inner-blocks-wrap\">\n\t\t\t<div class=\"wp-block-uagb-post-grid uagb-post-grid  uagb-post__image-position-top uagb-post__image-enabled uagb-block-24a69357     uagb-post__items uagb-post__columns-3 is-grid uagb-post__columns-tablet-2 uagb-post__columns-mobile-1 uagb-post__equal-height\" data-total=\"2\" style=\"\">\n\n\t\t\t\t\t\t\t\t\t\t\t\t<article class=\"uagb-post__inner-wrap\">\t\t\t\t\t\t\t\t<div class='uagb-post__image'>\n\t\t\t\t\t\t\t\t\t<a href=\"https:\/\/geocym.com\/index.php\/geoai-o-que-e-para-que-serve-e-como-esta-transformando-as-geotecnologias\/\" target=\"_self\" rel=\"bookmark noopener noreferrer\" class='uagb-image-ratio-inherit'><img loading=\"lazy\" decoding=\"async\" width=\"605\" height=\"332\" src=\"https:\/\/geocym.com\/wp-content\/uploads\/2025\/06\/GeoAI-1.png\" class=\"attachment-large size-large\" alt=\"\" srcset=\"https:\/\/geocym.com\/wp-content\/uploads\/2025\/06\/GeoAI-1.png 605w, https:\/\/geocym.com\/wp-content\/uploads\/2025\/06\/GeoAI-1-300x165.png 300w\" sizes=\"auto, (max-width: 605px) 100vw, 605px\" title=\"\">\t\t\t\t\t<\/a>\n\t\t\t\t\t\t\t<\/div>\n\t\t\t\t\t\t<h4 class=\"uagb-post__title uagb-post__text\">\n\t\t\t\t<a href=\"https:\/\/geocym.com\/index.php\/geoai-o-que-e-para-que-serve-e-como-esta-transformando-as-geotecnologias\/\" target=\"_self\" rel=\"bookmark noopener noreferrer\">GeoAI: o que \u00e9, para que serve e como est\u00e1 transformando as geotecnologias<\/a>\n\t\t\t<\/h4>\n\t\t\t\t\t\t<div class='uagb-post__text uagb-post-grid-byline'>\n\t\t\t\t\t\t\t<\/div>\n\t\t\t\t\t\t\t<div class='uagb-post__text uagb-post__excerpt'>\n\t\t\t\t\tDescubra o que \u00e9 GeoAI, como funciona e por que essa tecnologia est\u00e1 transformando o mundo das geotecnologias com aplica\u00e7\u00f5es reais e acess\u00edveis.\t\t\t\t<\/div>\n\t\t\t\t\t\t<div class=\"uagb-post__text uagb-post__cta wp-block-button\">\n\t\t\t\t<a class=\"wp-block-button__link uagb-text-link\" style=\"\" href=\"https:\/\/geocym.com\/index.php\/geoai-o-que-e-para-que-serve-e-como-esta-transformando-as-geotecnologias\/\" target=\"_self\" rel=\"bookmark noopener noreferrer\">Ler mais<\/a>\n\t\t\t<\/div>\n\t\t\t\n\t\t\t\t\t\t\t\t\t<\/article>\n\t\t\t\t\t\t\t\t\t\t\t\t\t\t\t\t<article class=\"uagb-post__inner-wrap\">\t\t\t\t\t\t\t\t<div class='uagb-post__image'>\n\t\t\t\t\t\t\t\t\t<a href=\"https:\/\/geocym.com\/index.php\/formacao-gratuita-aborda-a-relacao-entre-geografia-sig-e-inteligencia-artificial\/\" target=\"_self\" rel=\"bookmark noopener noreferrer\" class='uagb-image-ratio-inherit'><img loading=\"lazy\" decoding=\"async\" width=\"605\" height=\"332\" src=\"https:\/\/geocym.com\/wp-content\/uploads\/2025\/06\/formacao.png\" class=\"attachment-large size-large\" alt=\"Forma\u00e7\u00e3o gratuita sobre Geografia, SIG e Intelig\u00eancia Artificial com Joaquim Patriarca, promovida pela Associa\u00e7\u00e3o Portuguesa de Ge\u00f3grafos.\" srcset=\"https:\/\/geocym.com\/wp-content\/uploads\/2025\/06\/formacao.png 605w, https:\/\/geocym.com\/wp-content\/uploads\/2025\/06\/formacao-300x165.png 300w\" sizes=\"auto, (max-width: 605px) 100vw, 605px\" title=\"\">\t\t\t\t\t<\/a>\n\t\t\t\t\t\t\t<\/div>\n\t\t\t\t\t\t<h4 class=\"uagb-post__title uagb-post__text\">\n\t\t\t\t<a href=\"https:\/\/geocym.com\/index.php\/formacao-gratuita-aborda-a-relacao-entre-geografia-sig-e-inteligencia-artificial\/\" target=\"_self\" rel=\"bookmark noopener noreferrer\">Forma\u00e7\u00e3o gratuita aborda a rela\u00e7\u00e3o entre Geografia, SIG e Intelig\u00eancia Artificial<\/a>\n\t\t\t<\/h4>\n\t\t\t\t\t\t<div class='uagb-post__text uagb-post-grid-byline'>\n\t\t\t\t\t\t\t<\/div>\n\t\t\t\t\t\t\t<div class='uagb-post__text uagb-post__excerpt'>\n\t\t\t\t\tInscreva-se na forma\u00e7\u00e3o gratuita sobre Geografia, SIG e Intelig\u00eancia Artificial com Joaquim Patriarca, promovida pela APG. Dia 21\/06, online, \u00e0s 10h (PT). \t\t\t\t<\/div>\n\t\t\t\t\t\t<div class=\"uagb-post__text uagb-post__cta wp-block-button\">\n\t\t\t\t<a class=\"wp-block-button__link uagb-text-link\" style=\"\" href=\"https:\/\/geocym.com\/index.php\/formacao-gratuita-aborda-a-relacao-entre-geografia-sig-e-inteligencia-artificial\/\" target=\"_self\" rel=\"bookmark noopener noreferrer\">Ler mais<\/a>\n\t\t\t<\/div>\n\t\t\t\n\t\t\t\t\t\t\t\t\t<\/article>\n\t\t\t\t\t\t\t\t\t\t\t\t\t\t\t\t<article class=\"uagb-post__inner-wrap\">\t\t\t\t\t\t\t\t<div class='uagb-post__image'>\n\t\t\t\t\t\t\t\t\t<a href=\"https:\/\/geocym.com\/index.php\/uc-coimbra-mestrado-informacao-geoespacial-candidaturas-2025\/\" target=\"_self\" rel=\"bookmark noopener noreferrer\" class='uagb-image-ratio-inherit'><img loading=\"lazy\" decoding=\"async\" width=\"605\" height=\"332\" src=\"https:\/\/geocym.com\/wp-content\/uploads\/2025\/06\/universidade-de-coimbra-1.png\" class=\"attachment-large size-large\" alt=\"\" srcset=\"https:\/\/geocym.com\/wp-content\/uploads\/2025\/06\/universidade-de-coimbra-1.png 605w, https:\/\/geocym.com\/wp-content\/uploads\/2025\/06\/universidade-de-coimbra-1-300x165.png 300w\" sizes=\"auto, (max-width: 605px) 100vw, 605px\" title=\"\">\t\t\t\t\t<\/a>\n\t\t\t\t\t\t\t<\/div>\n\t\t\t\t\t\t<h4 class=\"uagb-post__title uagb-post__text\">\n\t\t\t\t<a href=\"https:\/\/geocym.com\/index.php\/uc-coimbra-mestrado-informacao-geoespacial-candidaturas-2025\/\" target=\"_self\" rel=\"bookmark noopener noreferrer\">Universidade de Coimbra est\u00e1 com inscri\u00e7\u00f5es abertas para o Mestrado em Engenharia de Informa\u00e7\u00e3o Geoespacial (2\u00aa fase)<\/a>\n\t\t\t<\/h4>\n\t\t\t\t\t\t<div class='uagb-post__text uagb-post-grid-byline'>\n\t\t\t\t\t\t\t<\/div>\n\t\t\t\t\t\t\t<div class='uagb-post__text uagb-post__excerpt'>\n\t\t\t\t\tUniversidade de Coimbra est\u00e1 com as inscri\u00e7\u00f5es abertas para o Mestrado em Engenharia de Informa\u00e7\u00e3o Geoespacial 2025\/2026. Curso presencial com foco em SIG, cartografia e sensoriamento remoto.\t\t\t\t<\/div>\n\t\t\t\t\t\t<div class=\"uagb-post__text uagb-post__cta wp-block-button\">\n\t\t\t\t<a class=\"wp-block-button__link uagb-text-link\" style=\"\" href=\"https:\/\/geocym.com\/index.php\/uc-coimbra-mestrado-informacao-geoespacial-candidaturas-2025\/\" target=\"_self\" rel=\"bookmark noopener noreferrer\">Ler mais<\/a>\n\t\t\t<\/div>\n\t\t\t\n\t\t\t\t\t\t\t\t\t<\/article>\n\t\t\t\t\t\t\t\t\t\t\t\t\t\t\t\t<article class=\"uagb-post__inner-wrap\">\t\t\t\t\t\t\t\t<div class='uagb-post__image'>\n\t\t\t\t\t\t\t\t\t<a href=\"https:\/\/geocym.com\/index.php\/instalar-bibliotecas-python-geoprocessamento\/\" target=\"_self\" rel=\"bookmark noopener noreferrer\" class='uagb-image-ratio-inherit'><img loading=\"lazy\" decoding=\"async\" width=\"605\" height=\"332\" src=\"https:\/\/geocym.com\/wp-content\/uploads\/2025\/05\/Instalando-bibliotecas-Python-para-geoprocessamento-no-WSL.png\" class=\"attachment-large size-large\" alt=\"\" srcset=\"https:\/\/geocym.com\/wp-content\/uploads\/2025\/05\/Instalando-bibliotecas-Python-para-geoprocessamento-no-WSL.png 605w, https:\/\/geocym.com\/wp-content\/uploads\/2025\/05\/Instalando-bibliotecas-Python-para-geoprocessamento-no-WSL-300x165.png 300w\" sizes=\"auto, (max-width: 605px) 100vw, 605px\" title=\"\">\t\t\t\t\t<\/a>\n\t\t\t\t\t\t\t<\/div>\n\t\t\t\t\t\t<h4 class=\"uagb-post__title uagb-post__text\">\n\t\t\t\t<a href=\"https:\/\/geocym.com\/index.php\/instalar-bibliotecas-python-geoprocessamento\/\" target=\"_self\" rel=\"bookmark noopener noreferrer\">Instalando bibliotecas Python para geoprocessamento no WSL<\/a>\n\t\t\t<\/h4>\n\t\t\t\t\t\t<div class='uagb-post__text uagb-post-grid-byline'>\n\t\t\t\t\t\t\t<\/div>\n\t\t\t\t\t\t\t<div class='uagb-post__text uagb-post__excerpt'>\n\t\t\t\t\tAprenda como instalar as bibliotecas essenciais de Python para geoprocessamento no WSL, incluindo GeoPandas, Shapely, Rasterio e mais.\t\t\t\t<\/div>\n\t\t\t\t\t\t<div class=\"uagb-post__text uagb-post__cta wp-block-button\">\n\t\t\t\t<a class=\"wp-block-button__link uagb-text-link\" style=\"\" href=\"https:\/\/geocym.com\/index.php\/instalar-bibliotecas-python-geoprocessamento\/\" target=\"_self\" rel=\"bookmark noopener noreferrer\">Ler mais<\/a>\n\t\t\t<\/div>\n\t\t\t\n\t\t\t\t\t\t\t\t\t<\/article>\n\t\t\t\t\t\t\t\t\t\t\t\t\t\t\t\t<article class=\"uagb-post__inner-wrap\">\t\t\t\t\t\t\t\t<div class='uagb-post__image'>\n\t\t\t\t\t\t\t\t\t<a href=\"https:\/\/geocym.com\/index.php\/sigspatial-2025-chamada-trabalhos-sig\/\" target=\"_self\" rel=\"bookmark noopener noreferrer\" class='uagb-image-ratio-inherit'><img loading=\"lazy\" decoding=\"async\" width=\"605\" height=\"332\" src=\"https:\/\/geocym.com\/wp-content\/uploads\/2025\/05\/33a-edicao-da-conferencia-internacional-ACM-SIGSPATIAL.png\" class=\"attachment-large size-large\" alt=\"\" srcset=\"https:\/\/geocym.com\/wp-content\/uploads\/2025\/05\/33a-edicao-da-conferencia-internacional-ACM-SIGSPATIAL.png 605w, https:\/\/geocym.com\/wp-content\/uploads\/2025\/05\/33a-edicao-da-conferencia-internacional-ACM-SIGSPATIAL-300x165.png 300w\" sizes=\"auto, (max-width: 605px) 100vw, 605px\" title=\"\">\t\t\t\t\t<\/a>\n\t\t\t\t\t\t\t<\/div>\n\t\t\t\t\t\t<h4 class=\"uagb-post__title uagb-post__text\">\n\t\t\t\t<a href=\"https:\/\/geocym.com\/index.php\/sigspatial-2025-chamada-trabalhos-sig\/\" target=\"_self\" rel=\"bookmark noopener noreferrer\">ACM SIGSPATIAL 2025 abre chamada de trabalhos para confer\u00eancia internacional sobre SIG em novembro<\/a>\n\t\t\t<\/h4>\n\t\t\t\t\t\t<div class='uagb-post__text uagb-post-grid-byline'>\n\t\t\t\t\t\t\t<\/div>\n\t\t\t\t\t\t\t<div class='uagb-post__text uagb-post__excerpt'>\n\t\t\t\t\t 33\u00aa edi\u00e7\u00e3o da confer\u00eancia internacional ACM SIGSPATIAL est\u00e1 com chamada de trabalhos aberta para a principal confer\u00eancia sobre sistemas de informa\u00e7\u00e3o geogr\u00e1fica. Confira prazos e temas!\t\t\t\t<\/div>\n\t\t\t\t\t\t<div class=\"uagb-post__text uagb-post__cta wp-block-button\">\n\t\t\t\t<a class=\"wp-block-button__link uagb-text-link\" style=\"\" href=\"https:\/\/geocym.com\/index.php\/sigspatial-2025-chamada-trabalhos-sig\/\" target=\"_self\" rel=\"bookmark noopener noreferrer\">Ler mais<\/a>\n\t\t\t<\/div>\n\t\t\t\n\t\t\t\t\t\t\t\t\t<\/article>\n\t\t\t\t\t\t\t\t\t\t\t\t\t\t\t\t<article class=\"uagb-post__inner-wrap\">\t\t\t\t\t\t\t\t<div class='uagb-post__image'>\n\t\t\t\t\t\t\t\t\t<a href=\"https:\/\/geocym.com\/index.php\/workshop-ladm-cadastro-3d-fig-2025-florianopolis\/\" target=\"_self\" rel=\"bookmark noopener noreferrer\" class='uagb-image-ratio-inherit'><img loading=\"lazy\" decoding=\"async\" width=\"605\" height=\"332\" src=\"https:\/\/geocym.com\/wp-content\/uploads\/2025\/05\/13o-Workshop-Internacional-sobre-LADM-e-Cadastro-3D.png\" class=\"attachment-large size-large\" alt=\"\" srcset=\"https:\/\/geocym.com\/wp-content\/uploads\/2025\/05\/13o-Workshop-Internacional-sobre-LADM-e-Cadastro-3D.png 605w, https:\/\/geocym.com\/wp-content\/uploads\/2025\/05\/13o-Workshop-Internacional-sobre-LADM-e-Cadastro-3D-300x165.png 300w\" sizes=\"auto, (max-width: 605px) 100vw, 605px\" title=\"\">\t\t\t\t\t<\/a>\n\t\t\t\t\t\t\t<\/div>\n\t\t\t\t\t\t<h4 class=\"uagb-post__title uagb-post__text\">\n\t\t\t\t<a href=\"https:\/\/geocym.com\/index.php\/workshop-ladm-cadastro-3d-fig-2025-florianopolis\/\" target=\"_self\" rel=\"bookmark noopener noreferrer\">Florian\u00f3polis vai sediar o 13\u00ba Workshop Internacional sobre LADM e Cadastro 3D em novembro de 2025<\/a>\n\t\t\t<\/h4>\n\t\t\t\t\t\t<div class='uagb-post__text uagb-post-grid-byline'>\n\t\t\t\t\t\t\t<\/div>\n\t\t\t\t\t\t\t<div class='uagb-post__text uagb-post__excerpt'>\n\t\t\t\t\tFlorian\u00f3polis ser\u00e1 sede do 13\u00ba Workshop Internacional da FIG sobre LADM e Cadastro 3D, entre 3 e 5 de novembro de 2025. Veja como participar e enviar seu trabalho.\t\t\t\t<\/div>\n\t\t\t\t\t\t<div class=\"uagb-post__text uagb-post__cta wp-block-button\">\n\t\t\t\t<a class=\"wp-block-button__link uagb-text-link\" style=\"\" href=\"https:\/\/geocym.com\/index.php\/workshop-ladm-cadastro-3d-fig-2025-florianopolis\/\" target=\"_self\" rel=\"bookmark noopener noreferrer\">Ler mais<\/a>\n\t\t\t<\/div>\n\t\t\t\n\t\t\t\t\t\t\t\t\t<\/article>\n\t\t\t\t\t\t\t\t\t\t\t\t\t\t\t\t<article class=\"uagb-post__inner-wrap\">\t\t\t\t\t\t\t\t<div class='uagb-post__image'>\n\t\t\t\t\t\t\t\t\t<a href=\"https:\/\/geocym.com\/index.php\/jupyter-notebook-vs-jupyterlab-qual-escolher\/\" target=\"_self\" rel=\"bookmark noopener noreferrer\" class='uagb-image-ratio-inherit'><img loading=\"lazy\" decoding=\"async\" width=\"605\" height=\"332\" src=\"https:\/\/geocym.com\/wp-content\/uploads\/2025\/05\/Jupyter-Notebook-vs.-JupyterLab.png\" class=\"attachment-large size-large\" alt=\"Jupyter Notebook vs. JupyterLab -Entendendo as diferen\u00e7as.\" srcset=\"https:\/\/geocym.com\/wp-content\/uploads\/2025\/05\/Jupyter-Notebook-vs.-JupyterLab.png 605w, https:\/\/geocym.com\/wp-content\/uploads\/2025\/05\/Jupyter-Notebook-vs.-JupyterLab-300x165.png 300w\" sizes=\"auto, (max-width: 605px) 100vw, 605px\" title=\"\">\t\t\t\t\t<\/a>\n\t\t\t\t\t\t\t<\/div>\n\t\t\t\t\t\t<h4 class=\"uagb-post__title uagb-post__text\">\n\t\t\t\t<a href=\"https:\/\/geocym.com\/index.php\/jupyter-notebook-vs-jupyterlab-qual-escolher\/\" target=\"_self\" rel=\"bookmark noopener noreferrer\">Jupyter Notebook vs. JupyterLab \u2013 Qual escolher?<\/a>\n\t\t\t<\/h4>\n\t\t\t\t\t\t<div class='uagb-post__text uagb-post-grid-byline'>\n\t\t\t\t\t\t\t<\/div>\n\t\t\t\t\t\t\t<div class='uagb-post__text uagb-post__excerpt'>\n\t\t\t\t\t Jupyter Notebook Vs. JupyterLab &#8211; Descubra as diferen\u00e7as e escolha a melhor ferramenta para seus projetos em Python e geoprocessamento.\t\t\t\t<\/div>\n\t\t\t\t\t\t<div class=\"uagb-post__text uagb-post__cta wp-block-button\">\n\t\t\t\t<a class=\"wp-block-button__link uagb-text-link\" style=\"\" href=\"https:\/\/geocym.com\/index.php\/jupyter-notebook-vs-jupyterlab-qual-escolher\/\" target=\"_self\" rel=\"bookmark noopener noreferrer\">Ler mais<\/a>\n\t\t\t<\/div>\n\t\t\t\n\t\t\t\t\t\t\t\t\t<\/article>\n\t\t\t\t\t\t\t\t\t\t\t\t\t\t\t\t<article class=\"uagb-post__inner-wrap\">\t\t\t\t\t\t\t\t<div class='uagb-post__image'>\n\t\t\t\t\t\t\t\t\t<a href=\"https:\/\/geocym.com\/index.php\/como-instalar-o-jupyterlab-no-wsl-com-ambiente-virtual\/\" target=\"_self\" rel=\"bookmark noopener noreferrer\" class='uagb-image-ratio-inherit'><img loading=\"lazy\" decoding=\"async\" width=\"605\" height=\"332\" src=\"https:\/\/geocym.com\/wp-content\/uploads\/2025\/05\/Como-instalar-o-JupyterLab-no-WSL.png\" class=\"attachment-large size-large\" alt=\"Passo a passo de como instalar o JupterLab no WSL com Ambiente Virtual\" srcset=\"https:\/\/geocym.com\/wp-content\/uploads\/2025\/05\/Como-instalar-o-JupyterLab-no-WSL.png 605w, https:\/\/geocym.com\/wp-content\/uploads\/2025\/05\/Como-instalar-o-JupyterLab-no-WSL-300x165.png 300w\" sizes=\"auto, (max-width: 605px) 100vw, 605px\" title=\"\">\t\t\t\t\t<\/a>\n\t\t\t\t\t\t\t<\/div>\n\t\t\t\t\t\t<h4 class=\"uagb-post__title uagb-post__text\">\n\t\t\t\t<a href=\"https:\/\/geocym.com\/index.php\/como-instalar-o-jupyterlab-no-wsl-com-ambiente-virtual\/\" target=\"_self\" rel=\"bookmark noopener noreferrer\">Como Instalar o JupyterLab no WSL com Ambiente Virtual<\/a>\n\t\t\t<\/h4>\n\t\t\t\t\t\t<div class='uagb-post__text uagb-post-grid-byline'>\n\t\t\t\t\t\t\t<\/div>\n\t\t\t\t\t\t\t<div class='uagb-post__text uagb-post__excerpt'>\n\t\t\t\t\tAprenda a instalar o JupyterLab no WSL usando um ambiente virtual em Python. Guia passo a passo para um ambiente de desenvolvimento avan\u00e7ado.\t\t\t\t<\/div>\n\t\t\t\t\t\t<div class=\"uagb-post__text uagb-post__cta wp-block-button\">\n\t\t\t\t<a class=\"wp-block-button__link uagb-text-link\" style=\"\" href=\"https:\/\/geocym.com\/index.php\/como-instalar-o-jupyterlab-no-wsl-com-ambiente-virtual\/\" target=\"_self\" rel=\"bookmark noopener noreferrer\">Ler mais<\/a>\n\t\t\t<\/div>\n\t\t\t\n\t\t\t\t\t\t\t\t\t<\/article>\n\t\t\t\t\t\t\t\t\t\t\t\t\t\t\t\t<article class=\"uagb-post__inner-wrap\">\t\t\t\t\t\t\t\t<div class='uagb-post__image'>\n\t\t\t\t\t\t\t\t\t<a href=\"https:\/\/geocym.com\/index.php\/como-instalar-o-jupyter-notebook-no-wsl-com-ambiente-virtual\/\" target=\"_self\" rel=\"bookmark noopener noreferrer\" class='uagb-image-ratio-inherit'><img loading=\"lazy\" decoding=\"async\" width=\"605\" height=\"332\" src=\"https:\/\/geocym.com\/wp-content\/uploads\/2025\/05\/Como-instalar-o-Jupyter-Notebook-no-WSL.png\" class=\"attachment-large size-large\" alt=\"\" srcset=\"https:\/\/geocym.com\/wp-content\/uploads\/2025\/05\/Como-instalar-o-Jupyter-Notebook-no-WSL.png 605w, https:\/\/geocym.com\/wp-content\/uploads\/2025\/05\/Como-instalar-o-Jupyter-Notebook-no-WSL-300x165.png 300w\" sizes=\"auto, (max-width: 605px) 100vw, 605px\" title=\"\">\t\t\t\t\t<\/a>\n\t\t\t\t\t\t\t<\/div>\n\t\t\t\t\t\t<h4 class=\"uagb-post__title uagb-post__text\">\n\t\t\t\t<a href=\"https:\/\/geocym.com\/index.php\/como-instalar-o-jupyter-notebook-no-wsl-com-ambiente-virtual\/\" target=\"_self\" rel=\"bookmark noopener noreferrer\">Como instalar o Jupyter Notebook no WSL (com ambiente virtual)<\/a>\n\t\t\t<\/h4>\n\t\t\t\t\t\t<div class='uagb-post__text uagb-post-grid-byline'>\n\t\t\t\t\t\t\t<\/div>\n\t\t\t\t\t\t\t<div class='uagb-post__text uagb-post__excerpt'>\n\t\t\t\t\tAprenda como instalar e configurar o Jupyter Notebook no WSL com Python em um ambiente virtual. Guia pr\u00e1tico, direto e ideal para iniciantes.\t\t\t\t<\/div>\n\t\t\t\t\t\t<div class=\"uagb-post__text uagb-post__cta wp-block-button\">\n\t\t\t\t<a class=\"wp-block-button__link uagb-text-link\" style=\"\" href=\"https:\/\/geocym.com\/index.php\/como-instalar-o-jupyter-notebook-no-wsl-com-ambiente-virtual\/\" target=\"_self\" rel=\"bookmark noopener noreferrer\">Ler mais<\/a>\n\t\t\t<\/div>\n\t\t\t\n\t\t\t\t\t\t\t\t\t<\/article>\n\t\t\t\t\t\t\t\t\t\t\t<\/div>\n\t\t\t\n\n\n<p><\/p>\n<\/div><\/div>\n\n\n\n<script type=\"application\/ld+json\">\n{\n  \"@context\": \"https:\/\/schema.org\",\n  \"@type\": \"WebPage\",\n  \"name\": \"GeoCym - Ci\u00eancia de Dados Geoespaciais\",\n  \"url\": \"https:\/\/geocym.com\/\",\n  \"description\": \"GeoCym \u00e9 um blog sobre ci\u00eancia de dados geoespaciais, tutoriais de geoprocessamento com Python no WSL, e inova\u00e7\u00f5es em tecnologia da informa\u00e7\u00e3o geogr\u00e1fica.\",\n  \"inLanguage\": \"pt-BR\"\n}\n<\/script>\n","protected":false},"excerpt":{"rendered":"<p>Bem-Vindo(a) ao GeoCYM, Um portal dedicado \u00e0 partilha de informa\u00e7\u00f5es, not\u00edcias e tutoriais voltados \u00e0s tecnologias de informa\u00e7\u00e3o geogr\u00e1fica e [&hellip;]<\/p>\n","protected":false},"author":1,"featured_media":8,"parent":0,"menu_order":0,"comment_status":"closed","ping_status":"closed","template":"","meta":{"_uag_custom_page_level_css":"","site-sidebar-layout":"default","site-content-layout":"","ast-site-content-layout":"","site-content-style":"unboxed","site-sidebar-style":"default","ast-global-header-display":"","ast-banner-title-visibility":"","ast-main-header-display":"","ast-hfb-above-header-display":"","ast-hfb-below-header-display":"","ast-hfb-mobile-header-display":"","site-post-title":"disabled","ast-breadcrumbs-content":"","ast-featured-img":"disabled","footer-sml-layout":"","ast-disable-related-posts":"","theme-transparent-header-meta":"","adv-header-id-meta":"","stick-header-meta":"","header-above-stick-meta":"","header-main-stick-meta":"","header-below-stick-meta":"","astra-migrate-meta-layouts":"default","ast-page-background-enabled":"default","ast-page-background-meta":{"desktop":{"background-color":"var(--ast-global-color-4)","background-image":"","background-repeat":"repeat","background-position":"center center","background-size":"auto","background-attachment":"scroll","background-type":"","background-media":"","overlay-type":"","overlay-color":"","overlay-opacity":"","overlay-gradient":""},"tablet":{"background-color":"","background-image":"","background-repeat":"repeat","background-position":"center center","background-size":"auto","background-attachment":"scroll","background-type":"","background-media":"","overlay-type":"","overlay-color":"","overlay-opacity":"","overlay-gradient":""},"mobile":{"background-color":"","background-image":"","background-repeat":"repeat","background-position":"center center","background-size":"auto","background-attachment":"scroll","background-type":"","background-media":"","overlay-type":"","overlay-color":"","overlay-opacity":"","overlay-gradient":""}},"ast-content-background-meta":{"desktop":{"background-color":"var(--ast-global-color-5)","background-image":"","background-repeat":"repeat","background-position":"center center","background-size":"auto","background-attachment":"scroll","background-type":"","background-media":"","overlay-type":"","overlay-color":"","overlay-opacity":"","overlay-gradient":""},"tablet":{"background-color":"var(--ast-global-color-5)","background-image":"","background-repeat":"repeat","background-position":"center center","background-size":"auto","background-attachment":"scroll","background-type":"","background-media":"","overlay-type":"","overlay-color":"","overlay-opacity":"","overlay-gradient":""},"mobile":{"background-color":"var(--ast-global-color-5)","background-image":"","background-repeat":"repeat","background-position":"center center","background-size":"auto","background-attachment":"scroll","background-type":"","background-media":"","overlay-type":"","overlay-color":"","overlay-opacity":"","overlay-gradient":""}},"footnotes":""},"class_list":["post-17","page","type-page","status-publish","has-post-thumbnail","hentry"],"uagb_featured_image_src":{"full":["https:\/\/geocym.com\/wp-content\/uploads\/2024\/07\/geocymicone-512-x-512-px.png",512,512,false],"thumbnail":["https:\/\/geocym.com\/wp-content\/uploads\/2024\/07\/geocymicone-512-x-512-px.png",150,150,false],"medium":["https:\/\/geocym.com\/wp-content\/uploads\/2024\/07\/geocymicone-512-x-512-px.png",300,300,false],"medium_large":["https:\/\/geocym.com\/wp-content\/uploads\/2024\/07\/geocymicone-512-x-512-px.png",512,512,false],"large":["https:\/\/geocym.com\/wp-content\/uploads\/2024\/07\/geocymicone-512-x-512-px.png",512,512,false],"1536x1536":["https:\/\/geocym.com\/wp-content\/uploads\/2024\/07\/geocymicone-512-x-512-px.png",512,512,false],"2048x2048":["https:\/\/geocym.com\/wp-content\/uploads\/2024\/07\/geocymicone-512-x-512-px.png",512,512,false]},"uagb_author_info":{"display_name":"geocym","author_link":"https:\/\/geocym.com\/author\/geocym\/"},"uagb_comment_info":0,"uagb_excerpt":"Bem-Vindo(a) ao GeoCYM, Um portal dedicado \u00e0 partilha de informa\u00e7\u00f5es, not\u00edcias e tutoriais voltados \u00e0s tecnologias de informa\u00e7\u00e3o geogr\u00e1fica e [&hellip;]","_links":{"self":[{"href":"https:\/\/geocym.com\/index.php\/wp-json\/wp\/v2\/pages\/17","targetHints":{"allow":["GET"]}}],"collection":[{"href":"https:\/\/geocym.com\/index.php\/wp-json\/wp\/v2\/pages"}],"about":[{"href":"https:\/\/geocym.com\/index.php\/wp-json\/wp\/v2\/types\/page"}],"author":[{"embeddable":true,"href":"https:\/\/geocym.com\/index.php\/wp-json\/wp\/v2\/users\/1"}],"replies":[{"embeddable":true,"href":"https:\/\/geocym.com\/index.php\/wp-json\/wp\/v2\/comments?post=17"}],"version-history":[{"count":94,"href":"https:\/\/geocym.com\/index.php\/wp-json\/wp\/v2\/pages\/17\/revisions"}],"predecessor-version":[{"id":987,"href":"https:\/\/geocym.com\/index.php\/wp-json\/wp\/v2\/pages\/17\/revisions\/987"}],"wp:featuredmedia":[{"embeddable":true,"href":"https:\/\/geocym.com\/index.php\/wp-json\/wp\/v2\/media\/8"}],"wp:attachment":[{"href":"https:\/\/geocym.com\/index.php\/wp-json\/wp\/v2\/media?parent=17"}],"curies":[{"name":"wp","href":"https:\/\/api.w.org\/{rel}","templated":true}]}}